{"id":1021,"date":"2023-06-19T02:50:39","date_gmt":"2023-06-19T02:50:39","guid":{"rendered":"https:\/\/heklaislandi.is\/product\/glaesir-og-tryggur-thokki-karl-og-garpur-hofdu-leitad-lengi-ad-thessu-engi\/"},"modified":"2023-06-19T02:50:41","modified_gmt":"2023-06-19T02:50:41","slug":"glaesir-og-tryggur-thokki-karl-og-garpur-hofdu-leitad-lengi-ad-thessu-engi","status":"publish","type":"product","link":"https:\/\/heklaislandi.is\/en\/product\/glaesir-og-tryggur-thokki-karl-og-garpur-hofdu-leitad-lengi-ad-thessu-engi\/","title":{"rendered":"Gl\u00e6sir og tryggur \u00feokki Karl og Garpur h\u00f6f\u00f0u leita\u00f0 lengi a\u00f0 \u00feessu engi"},"content":{"rendered":"","protected":false},"excerpt":{"rendered":"","protected":false},"featured_media":1020,"template":"","meta":[],"product_brand":[],"product_cat":[154],"product_tag":[],"class_list":{"0":"post-1021","1":"product","2":"type-product","3":"status-publish","4":"has-post-thumbnail","6":"product_cat-2000-en","8":"first","9":"instock","10":"shipping-taxable","11":"purchasable","12":"product-type-simple"},"_links":{"self":[{"href":"https:\/\/heklaislandi.is\/en\/wp-json\/wp\/v2\/product\/1021","targetHints":{"allow":["GET"]}}],"collection":[{"href":"https:\/\/heklaislandi.is\/en\/wp-json\/wp\/v2\/product"}],"about":[{"href":"https:\/\/heklaislandi.is\/en\/wp-json\/wp\/v2\/types\/product"}],"wp:featuredmedia":[{"embeddable":true,"href":"https:\/\/heklaislandi.is\/en\/wp-json\/wp\/v2\/media\/1020"}],"wp:attachment":[{"href":"https:\/\/heklaislandi.is\/en\/wp-json\/wp\/v2\/media?parent=1021"}],"wp:term":[{"taxonomy":"product_brand","embeddable":true,"href":"https:\/\/heklaislandi.is\/en\/wp-json\/wp\/v2\/product_brand?post=1021"},{"taxonomy":"product_cat","embeddable":true,"href":"https:\/\/heklaislandi.is\/en\/wp-json\/wp\/v2\/product_cat?post=1021"},{"taxonomy":"product_tag","embeddable":true,"href":"https:\/\/heklaislandi.is\/en\/wp-json\/wp\/v2\/product_tag?post=1021"}],"curies":[{"name":"wp","href":"https:\/\/api.w.org\/{rel}","templated":true}]}}