{"id":1432,"date":"2023-06-19T02:54:13","date_gmt":"2023-06-19T02:54:13","guid":{"rendered":"https:\/\/heklaislandi.is\/product\/frafarandi-syning-meterxmeter-korpulfsstodum\/"},"modified":"2023-06-19T02:54:16","modified_gmt":"2023-06-19T02:54:16","slug":"frafarandi-syning-meterxmeter-korpulfsstodum","status":"publish","type":"product","link":"https:\/\/heklaislandi.is\/en\/product\/frafarandi-syning-meterxmeter-korpulfsstodum\/","title":{"rendered":",,Fr\u00e1farandi,, s\u00fdning MeterxMeter Korp\u00falfsst\u00f6\u00f0um"},"content":{"rendered":"","protected":false},"excerpt":{"rendered":"","protected":false},"featured_media":1431,"template":"","meta":[],"product_brand":[],"product_cat":[180],"product_tag":[],"class_list":{"0":"post-1432","1":"product","2":"type-product","3":"status-publish","4":"has-post-thumbnail","6":"product_cat-sculptures","8":"first","9":"instock","10":"shipping-taxable","11":"purchasable","12":"product-type-simple"},"_links":{"self":[{"href":"https:\/\/heklaislandi.is\/en\/wp-json\/wp\/v2\/product\/1432","targetHints":{"allow":["GET"]}}],"collection":[{"href":"https:\/\/heklaislandi.is\/en\/wp-json\/wp\/v2\/product"}],"about":[{"href":"https:\/\/heklaislandi.is\/en\/wp-json\/wp\/v2\/types\/product"}],"wp:featuredmedia":[{"embeddable":true,"href":"https:\/\/heklaislandi.is\/en\/wp-json\/wp\/v2\/media\/1431"}],"wp:attachment":[{"href":"https:\/\/heklaislandi.is\/en\/wp-json\/wp\/v2\/media?parent=1432"}],"wp:term":[{"taxonomy":"product_brand","embeddable":true,"href":"https:\/\/heklaislandi.is\/en\/wp-json\/wp\/v2\/product_brand?post=1432"},{"taxonomy":"product_cat","embeddable":true,"href":"https:\/\/heklaislandi.is\/en\/wp-json\/wp\/v2\/product_cat?post=1432"},{"taxonomy":"product_tag","embeddable":true,"href":"https:\/\/heklaislandi.is\/en\/wp-json\/wp\/v2\/product_tag?post=1432"}],"curies":[{"name":"wp","href":"https:\/\/api.w.org\/{rel}","templated":true}]}}