{"id":1436,"date":"2023-06-19T02:54:16","date_gmt":"2023-06-19T02:54:16","guid":{"rendered":"https:\/\/heklaislandi.is\/product\/kind1-i-skugga-trjanna-hallormsstadaskog-2001\/"},"modified":"2023-06-19T02:54:18","modified_gmt":"2023-06-19T02:54:18","slug":"kind1-i-skugga-trjanna-hallormsstadaskog-2001","status":"publish","type":"product","link":"https:\/\/heklaislandi.is\/en\/product\/kind1-i-skugga-trjanna-hallormsstadaskog-2001\/","title":{"rendered":"KIND1 , \u00cd skugga trj\u00e1nna Hallormssta\u00f0ask\u00f3g 2001"},"content":{"rendered":"","protected":false},"excerpt":{"rendered":"","protected":false},"featured_media":1435,"template":"","meta":[],"product_brand":[],"product_cat":[180],"product_tag":[],"class_list":{"0":"post-1436","1":"product","2":"type-product","3":"status-publish","4":"has-post-thumbnail","6":"product_cat-sculptures","8":"first","9":"instock","10":"shipping-taxable","11":"purchasable","12":"product-type-simple"},"_links":{"self":[{"href":"https:\/\/heklaislandi.is\/en\/wp-json\/wp\/v2\/product\/1436","targetHints":{"allow":["GET"]}}],"collection":[{"href":"https:\/\/heklaislandi.is\/en\/wp-json\/wp\/v2\/product"}],"about":[{"href":"https:\/\/heklaislandi.is\/en\/wp-json\/wp\/v2\/types\/product"}],"wp:featuredmedia":[{"embeddable":true,"href":"https:\/\/heklaislandi.is\/en\/wp-json\/wp\/v2\/media\/1435"}],"wp:attachment":[{"href":"https:\/\/heklaislandi.is\/en\/wp-json\/wp\/v2\/media?parent=1436"}],"wp:term":[{"taxonomy":"product_brand","embeddable":true,"href":"https:\/\/heklaislandi.is\/en\/wp-json\/wp\/v2\/product_brand?post=1436"},{"taxonomy":"product_cat","embeddable":true,"href":"https:\/\/heklaislandi.is\/en\/wp-json\/wp\/v2\/product_cat?post=1436"},{"taxonomy":"product_tag","embeddable":true,"href":"https:\/\/heklaislandi.is\/en\/wp-json\/wp\/v2\/product_tag?post=1436"}],"curies":[{"name":"wp","href":"https:\/\/api.w.org\/{rel}","templated":true}]}}