{"id":1496,"date":"2023-06-19T02:54:49","date_gmt":"2023-06-19T02:54:49","guid":{"rendered":"https:\/\/heklaislandi.is\/product\/tjaldur-skulptur-steypa-og-jarn\/"},"modified":"2023-06-19T02:54:51","modified_gmt":"2023-06-19T02:54:51","slug":"tjaldur-skulptur-steypa-og-jarn","status":"publish","type":"product","link":"https:\/\/heklaislandi.is\/en\/product\/tjaldur-skulptur-steypa-og-jarn\/","title":{"rendered":"tjaldur sk\u00falpt\u00far steypa og j\u00e1rn"},"content":{"rendered":"","protected":false},"excerpt":{"rendered":"","protected":false},"featured_media":1495,"template":"","meta":[],"product_brand":[],"product_cat":[180],"product_tag":[],"class_list":{"0":"post-1496","1":"product","2":"type-product","3":"status-publish","4":"has-post-thumbnail","6":"product_cat-sculptures","8":"first","9":"instock","10":"shipping-taxable","11":"purchasable","12":"product-type-simple"},"_links":{"self":[{"href":"https:\/\/heklaislandi.is\/en\/wp-json\/wp\/v2\/product\/1496","targetHints":{"allow":["GET"]}}],"collection":[{"href":"https:\/\/heklaislandi.is\/en\/wp-json\/wp\/v2\/product"}],"about":[{"href":"https:\/\/heklaislandi.is\/en\/wp-json\/wp\/v2\/types\/product"}],"wp:featuredmedia":[{"embeddable":true,"href":"https:\/\/heklaislandi.is\/en\/wp-json\/wp\/v2\/media\/1495"}],"wp:attachment":[{"href":"https:\/\/heklaislandi.is\/en\/wp-json\/wp\/v2\/media?parent=1496"}],"wp:term":[{"taxonomy":"product_brand","embeddable":true,"href":"https:\/\/heklaislandi.is\/en\/wp-json\/wp\/v2\/product_brand?post=1496"},{"taxonomy":"product_cat","embeddable":true,"href":"https:\/\/heklaislandi.is\/en\/wp-json\/wp\/v2\/product_cat?post=1496"},{"taxonomy":"product_tag","embeddable":true,"href":"https:\/\/heklaislandi.is\/en\/wp-json\/wp\/v2\/product_tag?post=1496"}],"curies":[{"name":"wp","href":"https:\/\/api.w.org\/{rel}","templated":true}]}}