{"id":1536,"date":"2023-06-19T02:55:19","date_gmt":"2023-06-19T02:55:19","guid":{"rendered":"https:\/\/heklaislandi.is\/product\/unique\/"},"modified":"2023-06-19T02:55:21","modified_gmt":"2023-06-19T02:55:21","slug":"unique","status":"publish","type":"product","link":"https:\/\/heklaislandi.is\/en\/product\/unique\/","title":{"rendered":"Unique"},"content":{"rendered":"<p>me\u00f0 lj\u00f3\u00f0i inn\u00ed \u00e1 vinstri hli\u00f0<br \/>\naf\u00a0\u00feinni s\u00e1l er a\u00f0eins eitt<br \/>\neintak h\u00e9r a\u00f0 finna<br \/>\n\u00fev\u00ed skaltu \u00e6t\u00ed\u00f0 brosa breitt<br \/>\nm\u00f3t birtu vona \u00feinna<\/p>\n<p>eftir Kristj\u00e1n Hreinsson<\/p>\n","protected":false},"excerpt":{"rendered":"<p><strong>Extra long card 10&#215;21 cm<\/strong><br \/>Giftcards with envelope<\/p>\n","protected":false},"featured_media":1535,"template":"","meta":[],"product_brand":[],"product_cat":[52,44],"product_tag":[],"class_list":{"0":"post-1536","1":"product","2":"type-product","3":"status-publish","4":"has-post-thumbnail","6":"product_cat-extra-long-giftcards-10x21-cm","7":"product_cat-anniversaries-and-graduations","9":"first","10":"instock","11":"shipping-taxable","12":"purchasable","13":"product-type-simple"},"_links":{"self":[{"href":"https:\/\/heklaislandi.is\/en\/wp-json\/wp\/v2\/product\/1536","targetHints":{"allow":["GET"]}}],"collection":[{"href":"https:\/\/heklaislandi.is\/en\/wp-json\/wp\/v2\/product"}],"about":[{"href":"https:\/\/heklaislandi.is\/en\/wp-json\/wp\/v2\/types\/product"}],"wp:featuredmedia":[{"embeddable":true,"href":"https:\/\/heklaislandi.is\/en\/wp-json\/wp\/v2\/media\/1535"}],"wp:attachment":[{"href":"https:\/\/heklaislandi.is\/en\/wp-json\/wp\/v2\/media?parent=1536"}],"wp:term":[{"taxonomy":"product_brand","embeddable":true,"href":"https:\/\/heklaislandi.is\/en\/wp-json\/wp\/v2\/product_brand?post=1536"},{"taxonomy":"product_cat","embeddable":true,"href":"https:\/\/heklaislandi.is\/en\/wp-json\/wp\/v2\/product_cat?post=1536"},{"taxonomy":"product_tag","embeddable":true,"href":"https:\/\/heklaislandi.is\/en\/wp-json\/wp\/v2\/product_tag?post=1536"}],"curies":[{"name":"wp","href":"https:\/\/api.w.org\/{rel}","templated":true}]}}