{"id":1580,"date":"2023-06-19T02:55:46","date_gmt":"2023-06-19T02:55:46","guid":{"rendered":"https:\/\/heklaislandi.is\/product\/golden-plover-2\/"},"modified":"2023-06-19T02:55:59","modified_gmt":"2023-06-19T02:55:59","slug":"golden-plover-2","status":"publish","type":"product","link":"https:\/\/heklaislandi.is\/en\/product\/golden-plover-2\/","title":{"rendered":"Golden plover"},"content":{"rendered":"<p>On the back is a poem by P\u00e1l \u00d3lafsson<\/p>\n<p>L\u00f3an er komin a\u00f0 kve\u00f0a burt snj\u00f3inn,<br \/>\na\u00f0 kve\u00f0a burt lei\u00f0indin, \u00fea\u00f0 getur h\u00fan.<br \/>\nH\u00fan hefur sagt m\u00e9r, a\u00f0 senn komi sp\u00f3inn,<br \/>\ns\u00f3lskin \u00ed dali og bl\u00f3mstur \u00ed t\u00fan.<br \/>\nH\u00fan hefir sagt m\u00e9r til syndanna minna,<br \/>\n\u00e9g sofi of miki\u00f0 o<\/p>\n","protected":false},"excerpt":{"rendered":"<p><strong>Napkins 33&#215;33 cm<\/strong><br \/>Napkins 3ply chlorine free, 20 ps in package<\/p>\n","protected":false},"featured_media":1575,"template":"","meta":[],"product_brand":[],"product_cat":[62],"product_tag":[],"class_list":{"0":"post-1580","1":"product","2":"type-product","3":"status-publish","4":"has-post-thumbnail","6":"product_cat-napkins","8":"first","9":"instock","10":"shipping-taxable","11":"purchasable","12":"product-type-simple"},"_links":{"self":[{"href":"https:\/\/heklaislandi.is\/en\/wp-json\/wp\/v2\/product\/1580","targetHints":{"allow":["GET"]}}],"collection":[{"href":"https:\/\/heklaislandi.is\/en\/wp-json\/wp\/v2\/product"}],"about":[{"href":"https:\/\/heklaislandi.is\/en\/wp-json\/wp\/v2\/types\/product"}],"wp:featuredmedia":[{"embeddable":true,"href":"https:\/\/heklaislandi.is\/en\/wp-json\/wp\/v2\/media\/1575"}],"wp:attachment":[{"href":"https:\/\/heklaislandi.is\/en\/wp-json\/wp\/v2\/media?parent=1580"}],"wp:term":[{"taxonomy":"product_brand","embeddable":true,"href":"https:\/\/heklaislandi.is\/en\/wp-json\/wp\/v2\/product_brand?post=1580"},{"taxonomy":"product_cat","embeddable":true,"href":"https:\/\/heklaislandi.is\/en\/wp-json\/wp\/v2\/product_cat?post=1580"},{"taxonomy":"product_tag","embeddable":true,"href":"https:\/\/heklaislandi.is\/en\/wp-json\/wp\/v2\/product_tag?post=1580"}],"curies":[{"name":"wp","href":"https:\/\/api.w.org\/{rel}","templated":true}]}}