{"id":1586,"date":"2023-06-19T02:55:59","date_gmt":"2023-06-19T02:55:59","guid":{"rendered":"https:\/\/heklaislandi.is\/product\/oystercatcher\/"},"modified":"2023-06-19T02:56:09","modified_gmt":"2023-06-19T02:56:09","slug":"oystercatcher","status":"publish","type":"product","link":"https:\/\/heklaislandi.is\/en\/product\/oystercatcher\/","title":{"rendered":"Oystercatcher"},"content":{"rendered":"<p>On the back is a poem by Kristj\u00e1n Hreinsson<\/p>\n<p>Tjaldurinn sv\u00edfur um s\u00f3lr\u00edkan dag<br \/>\nsvo sest hann \u00ed fj\u00f6ru hj\u00e1 nausti og b\u00e1tum,<br \/>\n\u00ed t\u00f6frandi birtu hann tr\u00edtlar um vor,<br \/>\nhann t\u00edstir og skr\u00e6kir af fagna\u00f0arl\u00e1tum.<\/p>\n<p>Svo fer hann um t\u00fani\u00f0, \u00fear hefur hann h\u00e1tt<br \/>\nen<\/p>\n","protected":false},"excerpt":{"rendered":"<p><strong>Napkins 33&#215;33 cm<\/strong><br \/>Napkins 3ply chlorine free, 20 ps in package<\/p>\n","protected":false},"featured_media":1583,"template":"","meta":[],"product_brand":[],"product_cat":[62],"product_tag":[],"class_list":{"0":"post-1586","1":"product","2":"type-product","3":"status-publish","4":"has-post-thumbnail","6":"product_cat-napkins","8":"first","9":"instock","10":"shipping-taxable","11":"purchasable","12":"product-type-simple"},"_links":{"self":[{"href":"https:\/\/heklaislandi.is\/en\/wp-json\/wp\/v2\/product\/1586","targetHints":{"allow":["GET"]}}],"collection":[{"href":"https:\/\/heklaislandi.is\/en\/wp-json\/wp\/v2\/product"}],"about":[{"href":"https:\/\/heklaislandi.is\/en\/wp-json\/wp\/v2\/types\/product"}],"wp:featuredmedia":[{"embeddable":true,"href":"https:\/\/heklaislandi.is\/en\/wp-json\/wp\/v2\/media\/1583"}],"wp:attachment":[{"href":"https:\/\/heklaislandi.is\/en\/wp-json\/wp\/v2\/media?parent=1586"}],"wp:term":[{"taxonomy":"product_brand","embeddable":true,"href":"https:\/\/heklaislandi.is\/en\/wp-json\/wp\/v2\/product_brand?post=1586"},{"taxonomy":"product_cat","embeddable":true,"href":"https:\/\/heklaislandi.is\/en\/wp-json\/wp\/v2\/product_cat?post=1586"},{"taxonomy":"product_tag","embeddable":true,"href":"https:\/\/heklaislandi.is\/en\/wp-json\/wp\/v2\/product_tag?post=1586"}],"curies":[{"name":"wp","href":"https:\/\/api.w.org\/{rel}","templated":true}]}}