{"id":1692,"date":"2023-06-19T02:57:41","date_gmt":"2023-06-19T02:57:41","guid":{"rendered":"https:\/\/heklaislandi.is\/product\/tillaga-ad-uppsetningu-i-hverjum-pakka-eru-alls-30-midar-6-storir-med-mynd-af-dyri-8-staerri-doppur-og-16-minni-doppur\/"},"modified":"2023-06-19T02:57:43","modified_gmt":"2023-06-19T02:57:43","slug":"tillaga-ad-uppsetningu-i-hverjum-pakka-eru-alls-30-midar-6-storir-med-mynd-af-dyri-8-staerri-doppur-og-16-minni-doppur","status":"publish","type":"product","link":"https:\/\/heklaislandi.is\/en\/product\/tillaga-ad-uppsetningu-i-hverjum-pakka-eru-alls-30-midar-6-storir-med-mynd-af-dyri-8-staerri-doppur-og-16-minni-doppur\/","title":{"rendered":"Tillaga a\u00f0 uppsetningu &#8211; \u00cd hverjum pakka eru alls 30 mi\u00f0ar, 6 st\u00f3rir me\u00f0 mynd af d\u00fdri, 8 st\u00e6rri doppur og 16 minni doppur."},"content":{"rendered":"<p>\u00cd hverjum pakka eru alls 30 mi\u00f0ar, 6 st\u00f3rir me\u00f0 mynd af d\u00fdri, 8 st\u00e6rri doppur og 16 minni doppur.<\/p>\n","protected":false},"excerpt":{"rendered":"<p>\u00cd hverjum pakka eru alls 30 mi\u00f0ar, 6 st\u00f3rir me\u00f0 mynd af d\u00fdri, 8 st\u00e6rri doppur og 16 minni doppur.<\/p>\n","protected":false},"featured_media":1691,"template":"","meta":[],"product_brand":[],"product_cat":[128],"product_tag":[],"class_list":{"0":"post-1692","1":"product","2":"type-product","3":"status-publish","4":"has-post-thumbnail","6":"product_cat-wallstickers","8":"first","9":"instock","10":"shipping-taxable","11":"purchasable","12":"product-type-simple"},"_links":{"self":[{"href":"https:\/\/heklaislandi.is\/en\/wp-json\/wp\/v2\/product\/1692","targetHints":{"allow":["GET"]}}],"collection":[{"href":"https:\/\/heklaislandi.is\/en\/wp-json\/wp\/v2\/product"}],"about":[{"href":"https:\/\/heklaislandi.is\/en\/wp-json\/wp\/v2\/types\/product"}],"wp:featuredmedia":[{"embeddable":true,"href":"https:\/\/heklaislandi.is\/en\/wp-json\/wp\/v2\/media\/1691"}],"wp:attachment":[{"href":"https:\/\/heklaislandi.is\/en\/wp-json\/wp\/v2\/media?parent=1692"}],"wp:term":[{"taxonomy":"product_brand","embeddable":true,"href":"https:\/\/heklaislandi.is\/en\/wp-json\/wp\/v2\/product_brand?post=1692"},{"taxonomy":"product_cat","embeddable":true,"href":"https:\/\/heklaislandi.is\/en\/wp-json\/wp\/v2\/product_cat?post=1692"},{"taxonomy":"product_tag","embeddable":true,"href":"https:\/\/heklaislandi.is\/en\/wp-json\/wp\/v2\/product_tag?post=1692"}],"curies":[{"name":"wp","href":"https:\/\/api.w.org\/{rel}","templated":true}]}}