{"id":1725,"date":"2023-06-19T02:57:53","date_gmt":"2023-06-19T02:57:53","guid":{"rendered":"https:\/\/heklaislandi.is\/product\/raven\/"},"modified":"2023-06-19T02:58:06","modified_gmt":"2023-06-19T02:58:06","slug":"raven","status":"publish","type":"product","link":"https:\/\/heklaislandi.is\/en\/product\/raven\/","title":{"rendered":"Raven"},"content":{"rendered":"<p>On the back is a poem Krummi krunkar \u00fati<\/p>\n<p>Krummi krunkar \u00fati,<br \/>\nkallar \u00e1 nafna sinn:<br \/>\n\u201c\u00c9g fann h\u00f6fu\u00f0 af hr\u00fati,<br \/>\nhrygg og g\u00e6ruskinn.<br \/>\n:,: Komdu n\u00fa og kroppa\u00f0u me\u00f0 m\u00e9r,<br \/>\nkrummi nafni minn\u201d :,:<\/p>\n","protected":false},"excerpt":{"rendered":"<p><strong>Napkins 33&#215;33 cm<\/strong><br \/>Napkins 3ply chlorine free, 20 ps in package<\/p>\n","protected":false},"featured_media":1720,"template":"","meta":[],"product_brand":[],"product_cat":[62],"product_tag":[],"class_list":{"0":"post-1725","1":"product","2":"type-product","3":"status-publish","4":"has-post-thumbnail","6":"product_cat-napkins","8":"first","9":"instock","10":"shipping-taxable","11":"purchasable","12":"product-type-simple"},"_links":{"self":[{"href":"https:\/\/heklaislandi.is\/en\/wp-json\/wp\/v2\/product\/1725","targetHints":{"allow":["GET"]}}],"collection":[{"href":"https:\/\/heklaislandi.is\/en\/wp-json\/wp\/v2\/product"}],"about":[{"href":"https:\/\/heklaislandi.is\/en\/wp-json\/wp\/v2\/types\/product"}],"wp:featuredmedia":[{"embeddable":true,"href":"https:\/\/heklaislandi.is\/en\/wp-json\/wp\/v2\/media\/1720"}],"wp:attachment":[{"href":"https:\/\/heklaislandi.is\/en\/wp-json\/wp\/v2\/media?parent=1725"}],"wp:term":[{"taxonomy":"product_brand","embeddable":true,"href":"https:\/\/heklaislandi.is\/en\/wp-json\/wp\/v2\/product_brand?post=1725"},{"taxonomy":"product_cat","embeddable":true,"href":"https:\/\/heklaislandi.is\/en\/wp-json\/wp\/v2\/product_cat?post=1725"},{"taxonomy":"product_tag","embeddable":true,"href":"https:\/\/heklaislandi.is\/en\/wp-json\/wp\/v2\/product_tag?post=1725"}],"curies":[{"name":"wp","href":"https:\/\/api.w.org\/{rel}","templated":true}]}}