{"id":2175,"date":"2023-06-19T03:08:09","date_gmt":"2023-06-19T03:08:09","guid":{"rendered":"https:\/\/heklaislandi.is\/product\/puffin-2\/"},"modified":"2023-06-19T03:08:21","modified_gmt":"2023-06-19T03:08:21","slug":"puffin-2","status":"publish","type":"product","link":"https:\/\/heklaislandi.is\/en\/product\/puffin-2\/","title":{"rendered":"Puffin"},"content":{"rendered":"<p>On the back is a poem by Kristj\u00e1n Hreinsson<\/p>\n<p>H\u00e9r lundinn heilsar vori er gl\u00f3ir geislatrafi\u00f0<br \/>\n\u00fe\u00e1 gogginn sinn hann teygir m\u00f3t dagsins f\u00f6gru mynd,<br \/>\nhann vappar l\u00e9tt um syllu og horfir \u00fat \u00e1 hafi\u00f0<br \/>\nog hl\u00fdjuna hann skynjar \u00ed gegnum sunnanvind.<\/p>\n","protected":false},"excerpt":{"rendered":"<p><strong>Napkins 33&#215;33 cm<\/strong><br \/>Napkins 3ply chlorine free, 20 ps in package<\/p>\n","protected":false},"featured_media":2170,"template":"","meta":[],"product_brand":[],"product_cat":[62],"product_tag":[],"class_list":{"0":"post-2175","1":"product","2":"type-product","3":"status-publish","4":"has-post-thumbnail","6":"product_cat-napkins","8":"first","9":"instock","10":"shipping-taxable","11":"purchasable","12":"product-type-simple"},"_links":{"self":[{"href":"https:\/\/heklaislandi.is\/en\/wp-json\/wp\/v2\/product\/2175","targetHints":{"allow":["GET"]}}],"collection":[{"href":"https:\/\/heklaislandi.is\/en\/wp-json\/wp\/v2\/product"}],"about":[{"href":"https:\/\/heklaislandi.is\/en\/wp-json\/wp\/v2\/types\/product"}],"wp:featuredmedia":[{"embeddable":true,"href":"https:\/\/heklaislandi.is\/en\/wp-json\/wp\/v2\/media\/2170"}],"wp:attachment":[{"href":"https:\/\/heklaislandi.is\/en\/wp-json\/wp\/v2\/media?parent=2175"}],"wp:term":[{"taxonomy":"product_brand","embeddable":true,"href":"https:\/\/heklaislandi.is\/en\/wp-json\/wp\/v2\/product_brand?post=2175"},{"taxonomy":"product_cat","embeddable":true,"href":"https:\/\/heklaislandi.is\/en\/wp-json\/wp\/v2\/product_cat?post=2175"},{"taxonomy":"product_tag","embeddable":true,"href":"https:\/\/heklaislandi.is\/en\/wp-json\/wp\/v2\/product_tag?post=2175"}],"curies":[{"name":"wp","href":"https:\/\/api.w.org\/{rel}","templated":true}]}}