{"id":2477,"date":"2023-06-19T03:18:33","date_gmt":"2023-06-19T03:18:33","guid":{"rendered":"https:\/\/heklaislandi.is\/product\/reindeer-2\/"},"modified":"2023-06-19T03:18:40","modified_gmt":"2023-06-19T03:18:40","slug":"reindeer-2","status":"publish","type":"product","link":"https:\/\/heklaislandi.is\/en\/product\/reindeer-2\/","title":{"rendered":"Reindeer"},"content":{"rendered":"<p>Beautiful linen pillow based on a painting by Hekla Bj\u00f6rk Gu\u00f0mundsd\u00f3ttir. The pillow is suitable for all spaces, but is especially suitable for the sofa, chair or bed.<br \/>\nThe pillow comes without filling.<\/p>\n","protected":false},"excerpt":{"rendered":"<p><strong>Pillow 50&#215;50 cm<\/strong><br \/>100% linen pillowcase without filling<\/p>\n","protected":false},"featured_media":2476,"template":"","meta":[],"product_brand":[],"product_cat":[116,104],"product_tag":[],"class_list":{"0":"post-2477","1":"product","2":"type-product","3":"status-publish","4":"has-post-thumbnail","6":"product_cat-pillows","7":"product_cat-christmas-pillows","9":"first","10":"outofstock","11":"shipping-taxable","12":"purchasable","13":"product-type-simple"},"_links":{"self":[{"href":"https:\/\/heklaislandi.is\/en\/wp-json\/wp\/v2\/product\/2477","targetHints":{"allow":["GET"]}}],"collection":[{"href":"https:\/\/heklaislandi.is\/en\/wp-json\/wp\/v2\/product"}],"about":[{"href":"https:\/\/heklaislandi.is\/en\/wp-json\/wp\/v2\/types\/product"}],"wp:featuredmedia":[{"embeddable":true,"href":"https:\/\/heklaislandi.is\/en\/wp-json\/wp\/v2\/media\/2476"}],"wp:attachment":[{"href":"https:\/\/heklaislandi.is\/en\/wp-json\/wp\/v2\/media?parent=2477"}],"wp:term":[{"taxonomy":"product_brand","embeddable":true,"href":"https:\/\/heklaislandi.is\/en\/wp-json\/wp\/v2\/product_brand?post=2477"},{"taxonomy":"product_cat","embeddable":true,"href":"https:\/\/heklaislandi.is\/en\/wp-json\/wp\/v2\/product_cat?post=2477"},{"taxonomy":"product_tag","embeddable":true,"href":"https:\/\/heklaislandi.is\/en\/wp-json\/wp\/v2\/product_tag?post=2477"}],"curies":[{"name":"wp","href":"https:\/\/api.w.org\/{rel}","templated":true}]}}