{"id":2775,"date":"2023-06-19T03:29:14","date_gmt":"2023-06-19T03:29:14","guid":{"rendered":"https:\/\/heklaislandi.is\/product\/the-egg\/"},"modified":"2023-06-19T03:29:31","modified_gmt":"2023-06-19T03:29:31","slug":"the-egg","status":"publish","type":"product","link":"https:\/\/heklaislandi.is\/en\/product\/the-egg\/","title":{"rendered":"The egg"},"content":{"rendered":"<p>Beautiful cotton pillow based on a painting by Hekla Bj\u00f6rk Gu\u00f0mundsd\u00f3ttir. The front and back are different, which provide varied use. The pillow is suitable for all spaces, but is especially for the sofa.<br \/>\nThe pillow comes without filling.<\/p>\n","protected":false},"excerpt":{"rendered":"<p><strong>Pillow 50&#215;50 cm<\/strong><br \/>100% cotton, pillowcase without filling<\/p>\n","protected":false},"featured_media":2766,"template":"","meta":[],"product_brand":[],"product_cat":[116],"product_tag":[],"class_list":{"0":"post-2775","1":"product","2":"type-product","3":"status-publish","4":"has-post-thumbnail","6":"product_cat-pillows","8":"first","9":"instock","10":"shipping-taxable","11":"purchasable","12":"product-type-simple"},"_links":{"self":[{"href":"https:\/\/heklaislandi.is\/en\/wp-json\/wp\/v2\/product\/2775","targetHints":{"allow":["GET"]}}],"collection":[{"href":"https:\/\/heklaislandi.is\/en\/wp-json\/wp\/v2\/product"}],"about":[{"href":"https:\/\/heklaislandi.is\/en\/wp-json\/wp\/v2\/types\/product"}],"wp:featuredmedia":[{"embeddable":true,"href":"https:\/\/heklaislandi.is\/en\/wp-json\/wp\/v2\/media\/2766"}],"wp:attachment":[{"href":"https:\/\/heklaislandi.is\/en\/wp-json\/wp\/v2\/media?parent=2775"}],"wp:term":[{"taxonomy":"product_brand","embeddable":true,"href":"https:\/\/heklaislandi.is\/en\/wp-json\/wp\/v2\/product_brand?post=2775"},{"taxonomy":"product_cat","embeddable":true,"href":"https:\/\/heklaislandi.is\/en\/wp-json\/wp\/v2\/product_cat?post=2775"},{"taxonomy":"product_tag","embeddable":true,"href":"https:\/\/heklaislandi.is\/en\/wp-json\/wp\/v2\/product_tag?post=2775"}],"curies":[{"name":"wp","href":"https:\/\/api.w.org\/{rel}","templated":true}]}}