{"id":2917,"date":"2023-06-19T03:33:33","date_gmt":"2023-06-19T03:33:33","guid":{"rendered":"https:\/\/heklaislandi.is\/product\/rocks\/"},"modified":"2023-06-19T03:34:03","modified_gmt":"2023-06-19T03:34:03","slug":"rocks","status":"publish","type":"product","link":"https:\/\/heklaislandi.is\/en\/product\/rocks\/","title":{"rendered":"Rocks"},"content":{"rendered":"<p>Photo taken in Hlj\u00f3\u00f0aklettar by the photographer Raggi \u00d3la.<\/p>\n","protected":false},"excerpt":{"rendered":"<p><strong>Napkins 33&#215;33 cm<\/strong><br \/>Napkins 3ply chlorine free, 20 ps in package<\/p>\n","protected":false},"featured_media":2908,"template":"","meta":[],"product_brand":[],"product_cat":[62],"product_tag":[],"class_list":{"0":"post-2917","1":"product","2":"type-product","3":"status-publish","4":"has-post-thumbnail","6":"product_cat-napkins","8":"first","9":"instock","10":"shipping-taxable","11":"purchasable","12":"product-type-simple"},"_links":{"self":[{"href":"https:\/\/heklaislandi.is\/en\/wp-json\/wp\/v2\/product\/2917","targetHints":{"allow":["GET"]}}],"collection":[{"href":"https:\/\/heklaislandi.is\/en\/wp-json\/wp\/v2\/product"}],"about":[{"href":"https:\/\/heklaislandi.is\/en\/wp-json\/wp\/v2\/types\/product"}],"wp:featuredmedia":[{"embeddable":true,"href":"https:\/\/heklaislandi.is\/en\/wp-json\/wp\/v2\/media\/2908"}],"wp:attachment":[{"href":"https:\/\/heklaislandi.is\/en\/wp-json\/wp\/v2\/media?parent=2917"}],"wp:term":[{"taxonomy":"product_brand","embeddable":true,"href":"https:\/\/heklaislandi.is\/en\/wp-json\/wp\/v2\/product_brand?post=2917"},{"taxonomy":"product_cat","embeddable":true,"href":"https:\/\/heklaislandi.is\/en\/wp-json\/wp\/v2\/product_cat?post=2917"},{"taxonomy":"product_tag","embeddable":true,"href":"https:\/\/heklaislandi.is\/en\/wp-json\/wp\/v2\/product_tag?post=2917"}],"curies":[{"name":"wp","href":"https:\/\/api.w.org\/{rel}","templated":true}]}}