{"id":3049,"date":"2023-06-19T03:36:57","date_gmt":"2023-06-19T03:36:57","guid":{"rendered":"https:\/\/heklaislandi.is\/product\/rocks-6565cm\/"},"modified":"2023-06-19T03:37:19","modified_gmt":"2023-06-19T03:37:19","slug":"rocks-6565cm","status":"publish","type":"product","link":"https:\/\/heklaislandi.is\/en\/product\/rocks-6565cm\/","title":{"rendered":"Rocks 65*65cm"},"content":{"rendered":"<p>Beautiful cotton pillow, photo taken in Hlj\u00f3\u00f0aklettum by the photographer Raggi \u00d3la. The front and back are different, which provide pleasant use. The pillow is suitable for all spaces, but is especially suitable for the sofa.<br \/>\nThe pillow comes without fi<\/p>\n","protected":false},"excerpt":{"rendered":"<p><strong>Pillow 65&#215;65 cm<\/strong><br \/>100% cotton, pillowcase without filling<\/p>\n","protected":false},"featured_media":3040,"template":"","meta":[],"product_brand":[],"product_cat":[116],"product_tag":[],"class_list":{"0":"post-3049","1":"product","2":"type-product","3":"status-publish","4":"has-post-thumbnail","6":"product_cat-pillows","8":"first","9":"instock","10":"shipping-taxable","11":"purchasable","12":"product-type-simple"},"_links":{"self":[{"href":"https:\/\/heklaislandi.is\/en\/wp-json\/wp\/v2\/product\/3049","targetHints":{"allow":["GET"]}}],"collection":[{"href":"https:\/\/heklaislandi.is\/en\/wp-json\/wp\/v2\/product"}],"about":[{"href":"https:\/\/heklaislandi.is\/en\/wp-json\/wp\/v2\/types\/product"}],"wp:featuredmedia":[{"embeddable":true,"href":"https:\/\/heklaislandi.is\/en\/wp-json\/wp\/v2\/media\/3040"}],"wp:attachment":[{"href":"https:\/\/heklaislandi.is\/en\/wp-json\/wp\/v2\/media?parent=3049"}],"wp:term":[{"taxonomy":"product_brand","embeddable":true,"href":"https:\/\/heklaislandi.is\/en\/wp-json\/wp\/v2\/product_brand?post=3049"},{"taxonomy":"product_cat","embeddable":true,"href":"https:\/\/heklaislandi.is\/en\/wp-json\/wp\/v2\/product_cat?post=3049"},{"taxonomy":"product_tag","embeddable":true,"href":"https:\/\/heklaislandi.is\/en\/wp-json\/wp\/v2\/product_tag?post=3049"}],"curies":[{"name":"wp","href":"https:\/\/api.w.org\/{rel}","templated":true}]}}