{"id":3257,"date":"2023-06-19T03:43:09","date_gmt":"2023-06-19T03:43:09","guid":{"rendered":"https:\/\/heklaislandi.is\/product\/raven-9\/"},"modified":"2023-06-19T03:43:23","modified_gmt":"2023-06-19T03:43:23","slug":"raven-9","status":"publish","type":"product","link":"https:\/\/heklaislandi.is\/en\/product\/raven-9\/","title":{"rendered":"Raven"},"content":{"rendered":"<p>Beautiful cotton pillow based on a painting by Hekla Bj\u00f6rk Gu\u00f0mundsd\u00f3ttir. The front and back are different, which provide varied use. The pillow is suitable for all spaces, but is especially for the sofa.<br \/>\nThe pillow comes without filling.<\/p>\n","protected":false},"excerpt":{"rendered":"<p><strong>Pillow 50&#215;50 cm<\/strong><br \/>100% cotton, pillowcase without filling<\/p>\n","protected":false},"featured_media":3250,"template":"","meta":[],"product_brand":[],"product_cat":[116],"product_tag":[],"class_list":{"0":"post-3257","1":"product","2":"type-product","3":"status-publish","4":"has-post-thumbnail","6":"product_cat-pillows","8":"first","9":"outofstock","10":"shipping-taxable","11":"purchasable","12":"product-type-simple"},"_links":{"self":[{"href":"https:\/\/heklaislandi.is\/en\/wp-json\/wp\/v2\/product\/3257","targetHints":{"allow":["GET"]}}],"collection":[{"href":"https:\/\/heklaislandi.is\/en\/wp-json\/wp\/v2\/product"}],"about":[{"href":"https:\/\/heklaislandi.is\/en\/wp-json\/wp\/v2\/types\/product"}],"wp:featuredmedia":[{"embeddable":true,"href":"https:\/\/heklaislandi.is\/en\/wp-json\/wp\/v2\/media\/3250"}],"wp:attachment":[{"href":"https:\/\/heklaislandi.is\/en\/wp-json\/wp\/v2\/media?parent=3257"}],"wp:term":[{"taxonomy":"product_brand","embeddable":true,"href":"https:\/\/heklaislandi.is\/en\/wp-json\/wp\/v2\/product_brand?post=3257"},{"taxonomy":"product_cat","embeddable":true,"href":"https:\/\/heklaislandi.is\/en\/wp-json\/wp\/v2\/product_cat?post=3257"},{"taxonomy":"product_tag","embeddable":true,"href":"https:\/\/heklaislandi.is\/en\/wp-json\/wp\/v2\/product_tag?post=3257"}],"curies":[{"name":"wp","href":"https:\/\/api.w.org\/{rel}","templated":true}]}}