{"id":3925,"date":"2023-06-19T04:06:36","date_gmt":"2023-06-19T04:06:36","guid":{"rendered":"https:\/\/heklaislandi.is\/product\/the-trio-2\/"},"modified":"2023-06-19T04:06:42","modified_gmt":"2023-06-19T04:06:42","slug":"the-trio-2","status":"publish","type":"product","link":"https:\/\/heklaislandi.is\/en\/product\/the-trio-2\/","title":{"rendered":"The trio"},"content":{"rendered":"<p>The Trio is a painting that Hekla painted in the first wave of covid. The work ended with three sheeps with a dandelion crown and we felt it was right to name it The Trio in respect to Alma, V\u00ed\u00f0ir and \u00de\u00f3r\u00f3lfur<\/p>\n","protected":false},"excerpt":{"rendered":"<p><strong>Candle\t11,5&#215;10,5 cm<\/strong><br \/>Beautiful candle<\/p>\n","protected":false},"featured_media":3924,"template":"","meta":[],"product_brand":[],"product_cat":[70],"product_tag":[],"class_list":{"0":"post-3925","1":"product","2":"type-product","3":"status-publish","4":"has-post-thumbnail","6":"product_cat-candles","8":"first","9":"instock","10":"shipping-taxable","11":"purchasable","12":"product-type-simple"},"_links":{"self":[{"href":"https:\/\/heklaislandi.is\/en\/wp-json\/wp\/v2\/product\/3925","targetHints":{"allow":["GET"]}}],"collection":[{"href":"https:\/\/heklaislandi.is\/en\/wp-json\/wp\/v2\/product"}],"about":[{"href":"https:\/\/heklaislandi.is\/en\/wp-json\/wp\/v2\/types\/product"}],"wp:featuredmedia":[{"embeddable":true,"href":"https:\/\/heklaislandi.is\/en\/wp-json\/wp\/v2\/media\/3924"}],"wp:attachment":[{"href":"https:\/\/heklaislandi.is\/en\/wp-json\/wp\/v2\/media?parent=3925"}],"wp:term":[{"taxonomy":"product_brand","embeddable":true,"href":"https:\/\/heklaislandi.is\/en\/wp-json\/wp\/v2\/product_brand?post=3925"},{"taxonomy":"product_cat","embeddable":true,"href":"https:\/\/heklaislandi.is\/en\/wp-json\/wp\/v2\/product_cat?post=3925"},{"taxonomy":"product_tag","embeddable":true,"href":"https:\/\/heklaislandi.is\/en\/wp-json\/wp\/v2\/product_tag?post=3925"}],"curies":[{"name":"wp","href":"https:\/\/api.w.org\/{rel}","templated":true}]}}