{"id":4548,"date":"2023-07-07T12:01:43","date_gmt":"2023-07-07T12:01:43","guid":{"rendered":"https:\/\/heklaislandi.is\/?post_type=product&#038;p=4548"},"modified":"2025-06-10T08:43:11","modified_gmt":"2025-06-10T08:43:11","slug":"kertaljos-og-klaedin-raud-6","status":"publish","type":"product","link":"https:\/\/heklaislandi.is\/en\/product\/kertaljos-og-klaedin-raud-6\/","title":{"rendered":"Kertalj\u00f3s og kl\u00e6\u00f0in rau\u00f0"},"content":{"rendered":"<p>D\u00e1samlegar svuntur sem gera eldh\u00fasverkin skemmtilegri.<\/p>\n","protected":false},"excerpt":{"rendered":"<p><strong>Svunta 60&#215;85 cm<\/strong><br \/>\n100% b\u00f3mull digital prentun<\/p>\n","protected":false},"featured_media":4546,"template":"","meta":[],"product_brand":[],"product_cat":[192],"product_tag":[],"class_list":{"0":"post-4548","1":"product","2":"type-product","3":"status-publish","4":"has-post-thumbnail","6":"product_cat-jolasvuntur","8":"first","9":"outofstock","10":"shipping-taxable","11":"purchasable","12":"product-type-simple"},"_links":{"self":[{"href":"https:\/\/heklaislandi.is\/en\/wp-json\/wp\/v2\/product\/4548","targetHints":{"allow":["GET"]}}],"collection":[{"href":"https:\/\/heklaislandi.is\/en\/wp-json\/wp\/v2\/product"}],"about":[{"href":"https:\/\/heklaislandi.is\/en\/wp-json\/wp\/v2\/types\/product"}],"wp:featuredmedia":[{"embeddable":true,"href":"https:\/\/heklaislandi.is\/en\/wp-json\/wp\/v2\/media\/4546"}],"wp:attachment":[{"href":"https:\/\/heklaislandi.is\/en\/wp-json\/wp\/v2\/media?parent=4548"}],"wp:term":[{"taxonomy":"product_brand","embeddable":true,"href":"https:\/\/heklaislandi.is\/en\/wp-json\/wp\/v2\/product_brand?post=4548"},{"taxonomy":"product_cat","embeddable":true,"href":"https:\/\/heklaislandi.is\/en\/wp-json\/wp\/v2\/product_cat?post=4548"},{"taxonomy":"product_tag","embeddable":true,"href":"https:\/\/heklaislandi.is\/en\/wp-json\/wp\/v2\/product_tag?post=4548"}],"curies":[{"name":"wp","href":"https:\/\/api.w.org\/{rel}","templated":true}]}}