{"id":4549,"date":"2023-07-07T12:04:42","date_gmt":"2023-07-07T12:04:42","guid":{"rendered":"https:\/\/heklaislandi.is\/?post_type=product&#038;p=4549"},"modified":"2026-02-11T16:36:22","modified_gmt":"2026-02-11T16:36:22","slug":"frostros-5","status":"publish","type":"product","link":"https:\/\/heklaislandi.is\/en\/product\/frostros-5\/","title":{"rendered":"Frostr\u00f3s"},"content":{"rendered":"<p>D\u00e1samlegir ofnhanskar sem gera eldh\u00fasverkin skemmtilegri.<\/p>\n","protected":false},"excerpt":{"rendered":"<p>D\u00e1samlegir ofnhanskar sem gera eldh\u00fasverkin skemmtilegri.<\/p>\n","protected":false},"featured_media":4544,"template":"","meta":[],"product_brand":[],"product_cat":[121,191],"product_tag":[],"class_list":{"0":"post-4549","1":"product","2":"type-product","3":"status-publish","4":"has-post-thumbnail","6":"product_cat-ofnhanskar","7":"product_cat-jolaofnhanskar","9":"first","10":"instock","11":"shipping-taxable","12":"purchasable","13":"product-type-simple"},"_links":{"self":[{"href":"https:\/\/heklaislandi.is\/en\/wp-json\/wp\/v2\/product\/4549","targetHints":{"allow":["GET"]}}],"collection":[{"href":"https:\/\/heklaislandi.is\/en\/wp-json\/wp\/v2\/product"}],"about":[{"href":"https:\/\/heklaislandi.is\/en\/wp-json\/wp\/v2\/types\/product"}],"wp:featuredmedia":[{"embeddable":true,"href":"https:\/\/heklaislandi.is\/en\/wp-json\/wp\/v2\/media\/4544"}],"wp:attachment":[{"href":"https:\/\/heklaislandi.is\/en\/wp-json\/wp\/v2\/media?parent=4549"}],"wp:term":[{"taxonomy":"product_brand","embeddable":true,"href":"https:\/\/heklaislandi.is\/en\/wp-json\/wp\/v2\/product_brand?post=4549"},{"taxonomy":"product_cat","embeddable":true,"href":"https:\/\/heklaislandi.is\/en\/wp-json\/wp\/v2\/product_cat?post=4549"},{"taxonomy":"product_tag","embeddable":true,"href":"https:\/\/heklaislandi.is\/en\/wp-json\/wp\/v2\/product_tag?post=4549"}],"curies":[{"name":"wp","href":"https:\/\/api.w.org\/{rel}","templated":true}]}}