{"id":5630,"date":"2024-09-02T14:32:29","date_gmt":"2024-09-02T14:32:29","guid":{"rendered":"https:\/\/heklaislandi.is\/?post_type=product&#038;p=5630"},"modified":"2024-09-18T08:36:04","modified_gmt":"2024-09-18T08:36:04","slug":"skal-moi-hvit","status":"publish","type":"product","link":"https:\/\/heklaislandi.is\/en\/product\/skal-moi-hvit\/","title":{"rendered":"Sk\u00e1l M\u00f3i hv\u00edt"},"content":{"rendered":"","protected":false},"excerpt":{"rendered":"<p><strong>M\u00f3i &#8211; keramik sk\u00e1l me\u00f0 loki. 15 x 10,5 cm<\/strong><\/p>\n<p>&nbsp;<\/p>\n<p>Falleg keramik sk\u00e1l, fullkomin fyrir allt milli himins og jar\u00f0ar, t.d. fyrir g\u00f3ms\u00e6ta konfektmola, fersk jar\u00f0arber og s\u00fakkula\u00f0i e\u00f0a bara sem fallegt augnayndi inn \u00e1 heimili\u00f0.<\/p>\n<p>\u00d6ruggt fyrir matv\u00e6li.<\/p>\n","protected":false},"featured_media":5631,"template":"","meta":[],"product_brand":[],"product_cat":[196,71],"product_tag":[],"class_list":{"0":"post-5630","1":"product","2":"type-product","3":"status-publish","4":"has-post-thumbnail","6":"product_cat-skalar","7":"product_cat-nytt","9":"first","10":"instock","11":"shipping-taxable","12":"purchasable","13":"product-type-simple"},"_links":{"self":[{"href":"https:\/\/heklaislandi.is\/en\/wp-json\/wp\/v2\/product\/5630","targetHints":{"allow":["GET"]}}],"collection":[{"href":"https:\/\/heklaislandi.is\/en\/wp-json\/wp\/v2\/product"}],"about":[{"href":"https:\/\/heklaislandi.is\/en\/wp-json\/wp\/v2\/types\/product"}],"wp:featuredmedia":[{"embeddable":true,"href":"https:\/\/heklaislandi.is\/en\/wp-json\/wp\/v2\/media\/5631"}],"wp:attachment":[{"href":"https:\/\/heklaislandi.is\/en\/wp-json\/wp\/v2\/media?parent=5630"}],"wp:term":[{"taxonomy":"product_brand","embeddable":true,"href":"https:\/\/heklaislandi.is\/en\/wp-json\/wp\/v2\/product_brand?post=5630"},{"taxonomy":"product_cat","embeddable":true,"href":"https:\/\/heklaislandi.is\/en\/wp-json\/wp\/v2\/product_cat?post=5630"},{"taxonomy":"product_tag","embeddable":true,"href":"https:\/\/heklaislandi.is\/en\/wp-json\/wp\/v2\/product_tag?post=5630"}],"curies":[{"name":"wp","href":"https:\/\/api.w.org\/{rel}","templated":true}]}}