{"id":5660,"date":"2024-09-12T13:34:41","date_gmt":"2024-09-12T13:34:41","guid":{"rendered":"https:\/\/heklaislandi.is\/?post_type=product&#038;p=5660"},"modified":"2026-02-19T08:33:29","modified_gmt":"2026-02-19T08:33:29","slug":"rendur-hvitar","status":"publish","type":"product","link":"https:\/\/heklaislandi.is\/en\/product\/rendur-hvitar\/","title":{"rendered":"Rendur hv\u00edtar"},"content":{"rendered":"","protected":false},"excerpt":{"rendered":"<p><strong>Viskustykki 50 x 70 cm<\/strong><\/p>\n<p>100% b\u00f3mull digital prentun.<\/p>\n<p>D\u00e1samleg b\u00f3mullarviskustykki sem gera uppvaski\u00f0 skemmtilegra.<\/p>\n","protected":false},"featured_media":5661,"template":"","meta":[],"product_brand":[],"product_cat":[111,117],"product_tag":[],"class_list":{"0":"post-5660","1":"product","2":"type-product","3":"status-publish","4":"has-post-thumbnail","6":"product_cat-textill","7":"product_cat-viskustykki","9":"first","10":"instock","11":"shipping-taxable","12":"purchasable","13":"product-type-simple"},"_links":{"self":[{"href":"https:\/\/heklaislandi.is\/en\/wp-json\/wp\/v2\/product\/5660","targetHints":{"allow":["GET"]}}],"collection":[{"href":"https:\/\/heklaislandi.is\/en\/wp-json\/wp\/v2\/product"}],"about":[{"href":"https:\/\/heklaislandi.is\/en\/wp-json\/wp\/v2\/types\/product"}],"wp:featuredmedia":[{"embeddable":true,"href":"https:\/\/heklaislandi.is\/en\/wp-json\/wp\/v2\/media\/5661"}],"wp:attachment":[{"href":"https:\/\/heklaislandi.is\/en\/wp-json\/wp\/v2\/media?parent=5660"}],"wp:term":[{"taxonomy":"product_brand","embeddable":true,"href":"https:\/\/heklaislandi.is\/en\/wp-json\/wp\/v2\/product_brand?post=5660"},{"taxonomy":"product_cat","embeddable":true,"href":"https:\/\/heklaislandi.is\/en\/wp-json\/wp\/v2\/product_cat?post=5660"},{"taxonomy":"product_tag","embeddable":true,"href":"https:\/\/heklaislandi.is\/en\/wp-json\/wp\/v2\/product_tag?post=5660"}],"curies":[{"name":"wp","href":"https:\/\/api.w.org\/{rel}","templated":true}]}}