{"id":5670,"date":"2024-09-12T13:34:12","date_gmt":"2024-09-12T13:34:12","guid":{"rendered":"https:\/\/heklaislandi.is\/?post_type=product&#038;p=5670"},"modified":"2026-02-19T08:32:58","modified_gmt":"2026-02-19T08:32:58","slug":"munstur-svart","status":"publish","type":"product","link":"https:\/\/heklaislandi.is\/en\/product\/munstur-svart\/","title":{"rendered":"Munstur svart"},"content":{"rendered":"","protected":false},"excerpt":{"rendered":"<p><strong>Viskustykki 50 x 70 cm<\/strong><\/p>\n<p>100% b\u00f3mull digital prentun.<\/p>\n<p>D\u00e1samleg b\u00f3mullarviskustykki sem gera uppvaski\u00f0 skemmtilegra.<\/p>\n","protected":false},"featured_media":5671,"template":"","meta":[],"product_brand":[],"product_cat":[25,111,117],"product_tag":[],"class_list":{"0":"post-5670","1":"product","2":"type-product","3":"status-publish","4":"has-post-thumbnail","6":"product_cat-vorur","7":"product_cat-textill","8":"product_cat-viskustykki","10":"first","11":"instock","12":"shipping-taxable","13":"purchasable","14":"product-type-simple"},"_links":{"self":[{"href":"https:\/\/heklaislandi.is\/en\/wp-json\/wp\/v2\/product\/5670","targetHints":{"allow":["GET"]}}],"collection":[{"href":"https:\/\/heklaislandi.is\/en\/wp-json\/wp\/v2\/product"}],"about":[{"href":"https:\/\/heklaislandi.is\/en\/wp-json\/wp\/v2\/types\/product"}],"wp:featuredmedia":[{"embeddable":true,"href":"https:\/\/heklaislandi.is\/en\/wp-json\/wp\/v2\/media\/5671"}],"wp:attachment":[{"href":"https:\/\/heklaislandi.is\/en\/wp-json\/wp\/v2\/media?parent=5670"}],"wp:term":[{"taxonomy":"product_brand","embeddable":true,"href":"https:\/\/heklaislandi.is\/en\/wp-json\/wp\/v2\/product_brand?post=5670"},{"taxonomy":"product_cat","embeddable":true,"href":"https:\/\/heklaislandi.is\/en\/wp-json\/wp\/v2\/product_cat?post=5670"},{"taxonomy":"product_tag","embeddable":true,"href":"https:\/\/heklaislandi.is\/en\/wp-json\/wp\/v2\/product_tag?post=5670"}],"curies":[{"name":"wp","href":"https:\/\/api.w.org\/{rel}","templated":true}]}}