{"id":5675,"date":"2024-09-12T13:34:54","date_gmt":"2024-09-12T13:34:54","guid":{"rendered":"https:\/\/heklaislandi.is\/?post_type=product&#038;p=5675"},"modified":"2026-02-13T13:29:04","modified_gmt":"2026-02-13T13:29:04","slug":"rendur-raudar-2","status":"publish","type":"product","link":"https:\/\/heklaislandi.is\/en\/product\/rendur-raudar-2\/","title":{"rendered":"Rendur rau\u00f0ar"},"content":{"rendered":"","protected":false},"excerpt":{"rendered":"<p><strong>Serv\u00edettur 33&#215;33 cm<\/strong><\/p>\n<p>Serv\u00edettur \u00feriggja laga kl\u00f3rfr\u00edar, 20 stk \u00ed pakka.<\/p>\n<p>Mismunandi munstur \u00e1 fram- og bakhli\u00f0 svo h\u00e6gt er a\u00f0 brj\u00f3ta upp formi\u00f0 og nota til skiptis \u00e1 veislubor\u00f0i\u00f0.<\/p>\n<p>&nbsp;<\/p>\n<p>&nbsp;<\/p>\n","protected":false},"featured_media":5676,"template":"","meta":[],"product_brand":[],"product_cat":[25,61,73,81],"product_tag":[],"class_list":{"0":"post-5675","1":"product","2":"type-product","3":"status-publish","4":"has-post-thumbnail","6":"product_cat-vorur","7":"product_cat-serviettur","8":"product_cat-jolavorur","9":"product_cat-jolaserviettur","11":"first","12":"instock","13":"shipping-taxable","14":"purchasable","15":"product-type-simple"},"_links":{"self":[{"href":"https:\/\/heklaislandi.is\/en\/wp-json\/wp\/v2\/product\/5675","targetHints":{"allow":["GET"]}}],"collection":[{"href":"https:\/\/heklaislandi.is\/en\/wp-json\/wp\/v2\/product"}],"about":[{"href":"https:\/\/heklaislandi.is\/en\/wp-json\/wp\/v2\/types\/product"}],"wp:featuredmedia":[{"embeddable":true,"href":"https:\/\/heklaislandi.is\/en\/wp-json\/wp\/v2\/media\/5676"}],"wp:attachment":[{"href":"https:\/\/heklaislandi.is\/en\/wp-json\/wp\/v2\/media?parent=5675"}],"wp:term":[{"taxonomy":"product_brand","embeddable":true,"href":"https:\/\/heklaislandi.is\/en\/wp-json\/wp\/v2\/product_brand?post=5675"},{"taxonomy":"product_cat","embeddable":true,"href":"https:\/\/heklaislandi.is\/en\/wp-json\/wp\/v2\/product_cat?post=5675"},{"taxonomy":"product_tag","embeddable":true,"href":"https:\/\/heklaislandi.is\/en\/wp-json\/wp\/v2\/product_tag?post=5675"}],"curies":[{"name":"wp","href":"https:\/\/api.w.org\/{rel}","templated":true}]}}