{"id":5709,"date":"2024-09-12T13:38:27","date_gmt":"2024-09-12T13:38:27","guid":{"rendered":"https:\/\/heklaislandi.is\/?post_type=product&#038;p=5709"},"modified":"2024-09-12T13:38:28","modified_gmt":"2024-09-12T13:38:28","slug":"rendur-raudar-4","status":"publish","type":"product","link":"https:\/\/heklaislandi.is\/en\/product\/rendur-raudar-4\/","title":{"rendered":"Rendur rau\u00f0ar"},"content":{"rendered":"","protected":false},"excerpt":{"rendered":"<p><strong>J\u00f3lamerkimi\u00f0ar 10,5&#215;5 cm<\/strong><\/p>\n<p>Merkimi\u00f0i 1 stk.<\/p>\n","protected":false},"featured_media":5718,"template":"","meta":[],"product_brand":[],"product_cat":[25,33,93,71],"product_tag":[],"class_list":{"0":"post-5709","1":"product","2":"type-product","3":"status-publish","4":"has-post-thumbnail","6":"product_cat-vorur","7":"product_cat-jolamerkimidar","8":"product_cat-jolamerkimidar-jolakort-og-merkimidar","9":"product_cat-nytt","11":"first","12":"instock","13":"shipping-taxable","14":"purchasable","15":"product-type-simple"},"_links":{"self":[{"href":"https:\/\/heklaislandi.is\/en\/wp-json\/wp\/v2\/product\/5709","targetHints":{"allow":["GET"]}}],"collection":[{"href":"https:\/\/heklaislandi.is\/en\/wp-json\/wp\/v2\/product"}],"about":[{"href":"https:\/\/heklaislandi.is\/en\/wp-json\/wp\/v2\/types\/product"}],"wp:featuredmedia":[{"embeddable":true,"href":"https:\/\/heklaislandi.is\/en\/wp-json\/wp\/v2\/media\/5718"}],"wp:attachment":[{"href":"https:\/\/heklaislandi.is\/en\/wp-json\/wp\/v2\/media?parent=5709"}],"wp:term":[{"taxonomy":"product_brand","embeddable":true,"href":"https:\/\/heklaislandi.is\/en\/wp-json\/wp\/v2\/product_brand?post=5709"},{"taxonomy":"product_cat","embeddable":true,"href":"https:\/\/heklaislandi.is\/en\/wp-json\/wp\/v2\/product_cat?post=5709"},{"taxonomy":"product_tag","embeddable":true,"href":"https:\/\/heklaislandi.is\/en\/wp-json\/wp\/v2\/product_tag?post=5709"}],"curies":[{"name":"wp","href":"https:\/\/api.w.org\/{rel}","templated":true}]}}