{"id":6475,"date":"2025-10-13T15:16:02","date_gmt":"2025-10-13T15:16:02","guid":{"rendered":"https:\/\/heklaislandi.is\/?post_type=product&#038;p=6475"},"modified":"2025-10-13T15:16:02","modified_gmt":"2025-10-13T15:16:02","slug":"gull-tre-2","status":"publish","type":"product","link":"https:\/\/heklaislandi.is\/en\/product\/gull-tre-2\/","title":{"rendered":"Gull tr\u00e9"},"content":{"rendered":"","protected":false},"excerpt":{"rendered":"<p><strong>Viskustykki 50 x 70 cm<\/strong><\/p>\n<p>100% b\u00f3mull digital prentun.<\/p>\n<p>D\u00e1samleg b\u00f3mullarviskustykki sem gera uppvaski\u00f0 skemmtilegra.<\/p>\n","protected":false},"featured_media":6691,"template":"","meta":[],"product_brand":[],"product_cat":[111,117,73,97,101],"product_tag":[],"class_list":{"0":"post-6475","1":"product","2":"type-product","3":"status-publish","4":"has-post-thumbnail","6":"product_cat-textill","7":"product_cat-viskustykki","8":"product_cat-jolavorur","9":"product_cat-jolatextil-vorur","10":"product_cat-jolaviskustykki","12":"first","13":"instock","14":"shipping-taxable","15":"purchasable","16":"product-type-simple"},"_links":{"self":[{"href":"https:\/\/heklaislandi.is\/en\/wp-json\/wp\/v2\/product\/6475","targetHints":{"allow":["GET"]}}],"collection":[{"href":"https:\/\/heklaislandi.is\/en\/wp-json\/wp\/v2\/product"}],"about":[{"href":"https:\/\/heklaislandi.is\/en\/wp-json\/wp\/v2\/types\/product"}],"wp:featuredmedia":[{"embeddable":true,"href":"https:\/\/heklaislandi.is\/en\/wp-json\/wp\/v2\/media\/6691"}],"wp:attachment":[{"href":"https:\/\/heklaislandi.is\/en\/wp-json\/wp\/v2\/media?parent=6475"}],"wp:term":[{"taxonomy":"product_brand","embeddable":true,"href":"https:\/\/heklaislandi.is\/en\/wp-json\/wp\/v2\/product_brand?post=6475"},{"taxonomy":"product_cat","embeddable":true,"href":"https:\/\/heklaislandi.is\/en\/wp-json\/wp\/v2\/product_cat?post=6475"},{"taxonomy":"product_tag","embeddable":true,"href":"https:\/\/heklaislandi.is\/en\/wp-json\/wp\/v2\/product_tag?post=6475"}],"curies":[{"name":"wp","href":"https:\/\/api.w.org\/{rel}","templated":true}]}}