{"id":6479,"date":"2025-09-18T13:20:18","date_gmt":"2025-09-18T13:20:18","guid":{"rendered":"https:\/\/heklaislandi.is\/?post_type=product&#038;p=6479"},"modified":"2025-09-18T13:26:21","modified_gmt":"2025-09-18T13:26:21","slug":"kertastjaki-litill-antik-gull-125-cm","status":"publish","type":"product","link":"https:\/\/heklaislandi.is\/en\/product\/kertastjaki-litill-antik-gull-125-cm\/","title":{"rendered":"Kertastjaki l\u00edtill ant\u00edk gull 12,5 cm"},"content":{"rendered":"<p>Klass\u00edskur kertastjaki sem kemur \u00ed tveimur st\u00e6r\u00f0um &#8211; hentar vel fyrir kertin okkar, sem upph\u00e6kkun fyrir sk\u00falpt\u00fara e\u00f0a fyrir hva\u00f0 sem er.<\/p>\n","protected":false},"excerpt":{"rendered":"<p>Kertastjaki<\/p>\n","protected":false},"featured_media":6544,"template":"","meta":[],"product_brand":[],"product_cat":[139,71],"product_tag":[],"class_list":{"0":"post-6479","1":"product","2":"type-product","3":"status-publish","4":"has-post-thumbnail","6":"product_cat-kertastjakar","7":"product_cat-nytt","9":"first","10":"instock","11":"shipping-taxable","12":"purchasable","13":"product-type-simple"},"_links":{"self":[{"href":"https:\/\/heklaislandi.is\/en\/wp-json\/wp\/v2\/product\/6479","targetHints":{"allow":["GET"]}}],"collection":[{"href":"https:\/\/heklaislandi.is\/en\/wp-json\/wp\/v2\/product"}],"about":[{"href":"https:\/\/heklaislandi.is\/en\/wp-json\/wp\/v2\/types\/product"}],"wp:featuredmedia":[{"embeddable":true,"href":"https:\/\/heklaislandi.is\/en\/wp-json\/wp\/v2\/media\/6544"}],"wp:attachment":[{"href":"https:\/\/heklaislandi.is\/en\/wp-json\/wp\/v2\/media?parent=6479"}],"wp:term":[{"taxonomy":"product_brand","embeddable":true,"href":"https:\/\/heklaislandi.is\/en\/wp-json\/wp\/v2\/product_brand?post=6479"},{"taxonomy":"product_cat","embeddable":true,"href":"https:\/\/heklaislandi.is\/en\/wp-json\/wp\/v2\/product_cat?post=6479"},{"taxonomy":"product_tag","embeddable":true,"href":"https:\/\/heklaislandi.is\/en\/wp-json\/wp\/v2\/product_tag?post=6479"}],"curies":[{"name":"wp","href":"https:\/\/api.w.org\/{rel}","templated":true}]}}