{"id":6481,"date":"2025-09-18T15:06:44","date_gmt":"2025-09-18T15:06:44","guid":{"rendered":"https:\/\/heklaislandi.is\/?post_type=product&#038;p=6481"},"modified":"2025-09-18T15:06:45","modified_gmt":"2025-09-18T15:06:45","slug":"tre-litid-svart-20-cm","status":"publish","type":"product","link":"https:\/\/heklaislandi.is\/en\/product\/tre-litid-svart-20-cm\/","title":{"rendered":"Tr\u00e9 l\u00edti\u00f0 svart 20 cm"},"content":{"rendered":"<p>Fallegur Heklu sk\u00falpt\u00far gerir \u00f6ll r\u00fdmi skemmtilegri.<\/p>\n","protected":false},"excerpt":{"rendered":"<p>Tr\u00e9 sk\u00falpt\u00far<\/p>\n","protected":false},"featured_media":6585,"template":"","meta":[],"product_brand":[],"product_cat":[137,188,71],"product_tag":[],"class_list":{"0":"post-6481","1":"product","2":"type-product","3":"status-publish","4":"has-post-thumbnail","6":"product_cat-skulptur","7":"product_cat-treskulptur","8":"product_cat-nytt","10":"first","11":"instock","12":"shipping-taxable","13":"purchasable","14":"product-type-simple"},"_links":{"self":[{"href":"https:\/\/heklaislandi.is\/en\/wp-json\/wp\/v2\/product\/6481","targetHints":{"allow":["GET"]}}],"collection":[{"href":"https:\/\/heklaislandi.is\/en\/wp-json\/wp\/v2\/product"}],"about":[{"href":"https:\/\/heklaislandi.is\/en\/wp-json\/wp\/v2\/types\/product"}],"wp:featuredmedia":[{"embeddable":true,"href":"https:\/\/heklaislandi.is\/en\/wp-json\/wp\/v2\/media\/6585"}],"wp:attachment":[{"href":"https:\/\/heklaislandi.is\/en\/wp-json\/wp\/v2\/media?parent=6481"}],"wp:term":[{"taxonomy":"product_brand","embeddable":true,"href":"https:\/\/heklaislandi.is\/en\/wp-json\/wp\/v2\/product_brand?post=6481"},{"taxonomy":"product_cat","embeddable":true,"href":"https:\/\/heklaislandi.is\/en\/wp-json\/wp\/v2\/product_cat?post=6481"},{"taxonomy":"product_tag","embeddable":true,"href":"https:\/\/heklaislandi.is\/en\/wp-json\/wp\/v2\/product_tag?post=6481"}],"curies":[{"name":"wp","href":"https:\/\/api.w.org\/{rel}","templated":true}]}}