{"id":6482,"date":"2025-09-18T15:07:56","date_gmt":"2025-09-18T15:07:56","guid":{"rendered":"https:\/\/heklaislandi.is\/?post_type=product&#038;p=6482"},"modified":"2025-09-18T15:07:57","modified_gmt":"2025-09-18T15:07:57","slug":"tre-stort-svart-30-cm","status":"publish","type":"product","link":"https:\/\/heklaislandi.is\/en\/product\/tre-stort-svart-30-cm\/","title":{"rendered":"Tr\u00e9 st\u00f3rt svart 30 cm"},"content":{"rendered":"<p>Fallegur Heklu sk\u00falpt\u00far gerir \u00f6ll r\u00fdmi skemmtilegri.<\/p>\n","protected":false},"excerpt":{"rendered":"<p>Tr\u00e9 sk\u00falpt\u00far<\/p>\n","protected":false},"featured_media":6589,"template":"","meta":[],"product_brand":[],"product_cat":[137,188,71],"product_tag":[],"class_list":{"0":"post-6482","1":"product","2":"type-product","3":"status-publish","4":"has-post-thumbnail","6":"product_cat-skulptur","7":"product_cat-treskulptur","8":"product_cat-nytt","10":"first","11":"instock","12":"shipping-taxable","13":"purchasable","14":"product-type-simple"},"_links":{"self":[{"href":"https:\/\/heklaislandi.is\/en\/wp-json\/wp\/v2\/product\/6482","targetHints":{"allow":["GET"]}}],"collection":[{"href":"https:\/\/heklaislandi.is\/en\/wp-json\/wp\/v2\/product"}],"about":[{"href":"https:\/\/heklaislandi.is\/en\/wp-json\/wp\/v2\/types\/product"}],"wp:featuredmedia":[{"embeddable":true,"href":"https:\/\/heklaislandi.is\/en\/wp-json\/wp\/v2\/media\/6589"}],"wp:attachment":[{"href":"https:\/\/heklaislandi.is\/en\/wp-json\/wp\/v2\/media?parent=6482"}],"wp:term":[{"taxonomy":"product_brand","embeddable":true,"href":"https:\/\/heklaislandi.is\/en\/wp-json\/wp\/v2\/product_brand?post=6482"},{"taxonomy":"product_cat","embeddable":true,"href":"https:\/\/heklaislandi.is\/en\/wp-json\/wp\/v2\/product_cat?post=6482"},{"taxonomy":"product_tag","embeddable":true,"href":"https:\/\/heklaislandi.is\/en\/wp-json\/wp\/v2\/product_tag?post=6482"}],"curies":[{"name":"wp","href":"https:\/\/api.w.org\/{rel}","templated":true}]}}