{"id":6490,"date":"2025-09-18T14:46:32","date_gmt":"2025-09-18T14:46:32","guid":{"rendered":"https:\/\/heklaislandi.is\/?post_type=product&#038;p=6490"},"modified":"2025-11-18T12:14:00","modified_gmt":"2025-11-18T12:14:00","slug":"tre-antik-gull","status":"publish","type":"product","link":"https:\/\/heklaislandi.is\/en\/product\/tre-antik-gull\/","title":{"rendered":"Tr\u00e9 ant\u00edk gull"},"content":{"rendered":"<p>Falleg dj\u00e1sn sem h\u00e6gt er a\u00f0 hengja upp hvar og hven\u00e6r sem er &#8211; f\u00f3lki til \u00e1n\u00e6gju og yndisauka.<\/p>\n","protected":false},"excerpt":{"rendered":"<p>Dj\u00e1sn<\/p>\n<p>Polyresin<\/p>\n","protected":false},"featured_media":6888,"template":"","meta":[],"product_brand":[],"product_cat":[131,95,71],"product_tag":[],"class_list":{"0":"post-6490","1":"product","2":"type-product","3":"status-publish","4":"has-post-thumbnail","6":"product_cat-djasn","7":"product_cat-joladjasn","8":"product_cat-nytt","10":"first","11":"instock","12":"shipping-taxable","13":"purchasable","14":"product-type-simple"},"_links":{"self":[{"href":"https:\/\/heklaislandi.is\/en\/wp-json\/wp\/v2\/product\/6490","targetHints":{"allow":["GET"]}}],"collection":[{"href":"https:\/\/heklaislandi.is\/en\/wp-json\/wp\/v2\/product"}],"about":[{"href":"https:\/\/heklaislandi.is\/en\/wp-json\/wp\/v2\/types\/product"}],"wp:featuredmedia":[{"embeddable":true,"href":"https:\/\/heklaislandi.is\/en\/wp-json\/wp\/v2\/media\/6888"}],"wp:attachment":[{"href":"https:\/\/heklaislandi.is\/en\/wp-json\/wp\/v2\/media?parent=6490"}],"wp:term":[{"taxonomy":"product_brand","embeddable":true,"href":"https:\/\/heklaislandi.is\/en\/wp-json\/wp\/v2\/product_brand?post=6490"},{"taxonomy":"product_cat","embeddable":true,"href":"https:\/\/heklaislandi.is\/en\/wp-json\/wp\/v2\/product_cat?post=6490"},{"taxonomy":"product_tag","embeddable":true,"href":"https:\/\/heklaislandi.is\/en\/wp-json\/wp\/v2\/product_tag?post=6490"}],"curies":[{"name":"wp","href":"https:\/\/api.w.org\/{rel}","templated":true}]}}