{"id":6493,"date":"2025-09-18T15:04:50","date_gmt":"2025-09-18T15:04:50","guid":{"rendered":"https:\/\/heklaislandi.is\/?post_type=product&#038;p=6493"},"modified":"2026-02-13T14:09:54","modified_gmt":"2026-02-13T14:09:54","slug":"gull-tre-long","status":"publish","type":"product","link":"https:\/\/heklaislandi.is\/en\/product\/gull-tre-long\/","title":{"rendered":"Gull tr\u00e9 l\u00f6ng"},"content":{"rendered":"<p>Mismunandi h\u00f6nnun \u00e1 fram- og bakhli\u00f0.<\/p>\n","protected":false},"excerpt":{"rendered":"<p><strong>Serv\u00edettur 40&#215;33 cm<\/strong><br \/>\n\u00deriggja laga kl\u00f3rfr\u00edar serv\u00edettur, 15 stk \u00ed pakka.<\/p>\n<p>Mismunandi h\u00f6nnun \u00e1 framhli\u00f0 og bakhli\u00f0.<\/p>\n","protected":false},"featured_media":6583,"template":"","meta":[],"product_brand":[],"product_cat":[61,73,81,71],"product_tag":[],"class_list":{"0":"post-6493","1":"product","2":"type-product","3":"status-publish","4":"has-post-thumbnail","6":"product_cat-serviettur","7":"product_cat-jolavorur","8":"product_cat-jolaserviettur","9":"product_cat-nytt","11":"first","12":"instock","13":"shipping-taxable","14":"purchasable","15":"product-type-simple"},"_links":{"self":[{"href":"https:\/\/heklaislandi.is\/en\/wp-json\/wp\/v2\/product\/6493","targetHints":{"allow":["GET"]}}],"collection":[{"href":"https:\/\/heklaislandi.is\/en\/wp-json\/wp\/v2\/product"}],"about":[{"href":"https:\/\/heklaislandi.is\/en\/wp-json\/wp\/v2\/types\/product"}],"wp:featuredmedia":[{"embeddable":true,"href":"https:\/\/heklaislandi.is\/en\/wp-json\/wp\/v2\/media\/6583"}],"wp:attachment":[{"href":"https:\/\/heklaislandi.is\/en\/wp-json\/wp\/v2\/media?parent=6493"}],"wp:term":[{"taxonomy":"product_brand","embeddable":true,"href":"https:\/\/heklaislandi.is\/en\/wp-json\/wp\/v2\/product_brand?post=6493"},{"taxonomy":"product_cat","embeddable":true,"href":"https:\/\/heklaislandi.is\/en\/wp-json\/wp\/v2\/product_cat?post=6493"},{"taxonomy":"product_tag","embeddable":true,"href":"https:\/\/heklaislandi.is\/en\/wp-json\/wp\/v2\/product_tag?post=6493"}],"curies":[{"name":"wp","href":"https:\/\/api.w.org\/{rel}","templated":true}]}}