{"id":6775,"date":"2025-11-05T11:07:24","date_gmt":"2025-11-05T11:07:24","guid":{"rendered":"https:\/\/heklaislandi.is\/?post_type=product&#038;p=6775"},"modified":"2025-11-14T08:31:52","modified_gmt":"2025-11-14T08:31:52","slug":"gull-tre-3","status":"publish","type":"product","link":"https:\/\/heklaislandi.is\/en\/product\/gull-tre-3\/","title":{"rendered":"Gull tr\u00e9"},"content":{"rendered":"","protected":false},"excerpt":{"rendered":"<p>J\u00f3lamerkimi\u00f0ar 10,5&#215;5 cm.<\/p>\n<p>&nbsp;<\/p>\n<p>Merkimi\u00f0i 1 stk.<\/p>\n","protected":false},"featured_media":6776,"template":"","meta":[],"product_brand":[],"product_cat":[25,33,73,89,93,71],"product_tag":[],"class_list":{"0":"post-6775","1":"product","2":"type-product","3":"status-publish","4":"has-post-thumbnail","6":"product_cat-vorur","7":"product_cat-jolamerkimidar","8":"product_cat-jolavorur","9":"product_cat-jolakort-og-merkimidar","10":"product_cat-jolamerkimidar-jolakort-og-merkimidar","11":"product_cat-nytt","13":"first","14":"instock","15":"shipping-taxable","16":"purchasable","17":"product-type-simple"},"_links":{"self":[{"href":"https:\/\/heklaislandi.is\/en\/wp-json\/wp\/v2\/product\/6775","targetHints":{"allow":["GET"]}}],"collection":[{"href":"https:\/\/heklaislandi.is\/en\/wp-json\/wp\/v2\/product"}],"about":[{"href":"https:\/\/heklaislandi.is\/en\/wp-json\/wp\/v2\/types\/product"}],"wp:featuredmedia":[{"embeddable":true,"href":"https:\/\/heklaislandi.is\/en\/wp-json\/wp\/v2\/media\/6776"}],"wp:attachment":[{"href":"https:\/\/heklaislandi.is\/en\/wp-json\/wp\/v2\/media?parent=6775"}],"wp:term":[{"taxonomy":"product_brand","embeddable":true,"href":"https:\/\/heklaislandi.is\/en\/wp-json\/wp\/v2\/product_brand?post=6775"},{"taxonomy":"product_cat","embeddable":true,"href":"https:\/\/heklaislandi.is\/en\/wp-json\/wp\/v2\/product_cat?post=6775"},{"taxonomy":"product_tag","embeddable":true,"href":"https:\/\/heklaislandi.is\/en\/wp-json\/wp\/v2\/product_tag?post=6775"}],"curies":[{"name":"wp","href":"https:\/\/api.w.org\/{rel}","templated":true}]}}