{"id":6799,"date":"2025-11-14T14:37:44","date_gmt":"2025-11-14T14:37:44","guid":{"rendered":"https:\/\/heklaislandi.is\/?post_type=product&#038;p=6799"},"modified":"2025-11-18T15:53:33","modified_gmt":"2025-11-18T15:53:33","slug":"gjafaaskja-nr-2","status":"publish","type":"product","link":"https:\/\/heklaislandi.is\/en\/product\/gjafaaskja-nr-2\/","title":{"rendered":"Gjafaaskja nr. 2"},"content":{"rendered":"<p>Falleg \u00edslensk h\u00f6nnun.<\/p>\n","protected":false},"excerpt":{"rendered":"<p>Fallegt svart Snj\u00f3ber kerti, Snj\u00f3ber viskustykki og Snj\u00f3ber serv\u00edetta fr\u00e1 Hekla\u00edslandi \u00ed gl\u00e6silegri gjafa\u00f6skju.<\/p>\n","protected":false},"featured_media":6800,"template":"","meta":[],"product_brand":[],"product_cat":[202,201,25,71],"product_tag":[],"class_list":{"0":"post-6799","1":"product","2":"type-product","3":"status-publish","4":"has-post-thumbnail","6":"product_cat-fyrirtaekjaoskjur","7":"product_cat-gjafaoskjur","8":"product_cat-vorur","9":"product_cat-nytt","11":"first","12":"instock","13":"shipping-taxable","14":"purchasable","15":"product-type-simple"},"_links":{"self":[{"href":"https:\/\/heklaislandi.is\/en\/wp-json\/wp\/v2\/product\/6799","targetHints":{"allow":["GET"]}}],"collection":[{"href":"https:\/\/heklaislandi.is\/en\/wp-json\/wp\/v2\/product"}],"about":[{"href":"https:\/\/heklaislandi.is\/en\/wp-json\/wp\/v2\/types\/product"}],"wp:featuredmedia":[{"embeddable":true,"href":"https:\/\/heklaislandi.is\/en\/wp-json\/wp\/v2\/media\/6800"}],"wp:attachment":[{"href":"https:\/\/heklaislandi.is\/en\/wp-json\/wp\/v2\/media?parent=6799"}],"wp:term":[{"taxonomy":"product_brand","embeddable":true,"href":"https:\/\/heklaislandi.is\/en\/wp-json\/wp\/v2\/product_brand?post=6799"},{"taxonomy":"product_cat","embeddable":true,"href":"https:\/\/heklaislandi.is\/en\/wp-json\/wp\/v2\/product_cat?post=6799"},{"taxonomy":"product_tag","embeddable":true,"href":"https:\/\/heklaislandi.is\/en\/wp-json\/wp\/v2\/product_tag?post=6799"}],"curies":[{"name":"wp","href":"https:\/\/api.w.org\/{rel}","templated":true}]}}