{"id":6813,"date":"2025-11-14T16:01:42","date_gmt":"2025-11-14T16:01:42","guid":{"rendered":"https:\/\/heklaislandi.is\/?post_type=product&#038;p=6813"},"modified":"2025-11-18T15:53:13","modified_gmt":"2025-11-18T15:53:13","slug":"gjafaaskja-nr-4","status":"publish","type":"product","link":"https:\/\/heklaislandi.is\/en\/product\/gjafaaskja-nr-4\/","title":{"rendered":"Gjafaaskja nr. 4"},"content":{"rendered":"<p>Falleg \u00edslensk h\u00f6nnun fr\u00e1 Hekla\u00edslandi.<\/p>\n","protected":false},"excerpt":{"rendered":"<p>Fallegur Kr\u00e6kiber bolli og Krumma bolli fr\u00e1 Hekla\u00edslandi \u00ed gl\u00e6silegri gjafa\u00f6skju.<\/p>\n","protected":false},"featured_media":6817,"template":"","meta":[],"product_brand":[],"product_cat":[202,201,25,71],"product_tag":[],"class_list":{"0":"post-6813","1":"product","2":"type-product","3":"status-publish","4":"has-post-thumbnail","6":"product_cat-fyrirtaekjaoskjur","7":"product_cat-gjafaoskjur","8":"product_cat-vorur","9":"product_cat-nytt","11":"first","12":"instock","13":"shipping-taxable","14":"purchasable","15":"product-type-simple"},"_links":{"self":[{"href":"https:\/\/heklaislandi.is\/en\/wp-json\/wp\/v2\/product\/6813","targetHints":{"allow":["GET"]}}],"collection":[{"href":"https:\/\/heklaislandi.is\/en\/wp-json\/wp\/v2\/product"}],"about":[{"href":"https:\/\/heklaislandi.is\/en\/wp-json\/wp\/v2\/types\/product"}],"wp:featuredmedia":[{"embeddable":true,"href":"https:\/\/heklaislandi.is\/en\/wp-json\/wp\/v2\/media\/6817"}],"wp:attachment":[{"href":"https:\/\/heklaislandi.is\/en\/wp-json\/wp\/v2\/media?parent=6813"}],"wp:term":[{"taxonomy":"product_brand","embeddable":true,"href":"https:\/\/heklaislandi.is\/en\/wp-json\/wp\/v2\/product_brand?post=6813"},{"taxonomy":"product_cat","embeddable":true,"href":"https:\/\/heklaislandi.is\/en\/wp-json\/wp\/v2\/product_cat?post=6813"},{"taxonomy":"product_tag","embeddable":true,"href":"https:\/\/heklaislandi.is\/en\/wp-json\/wp\/v2\/product_tag?post=6813"}],"curies":[{"name":"wp","href":"https:\/\/api.w.org\/{rel}","templated":true}]}}