{"id":6821,"date":"2025-11-17T15:26:48","date_gmt":"2025-11-17T15:26:48","guid":{"rendered":"https:\/\/heklaislandi.is\/?post_type=product&#038;p=6821"},"modified":"2026-01-08T07:54:46","modified_gmt":"2026-01-08T07:54:46","slug":"fyrirtaekja-gjafaaskja-nr-20","status":"publish","type":"product","link":"https:\/\/heklaislandi.is\/en\/product\/fyrirtaekja-gjafaaskja-nr-20\/","title":{"rendered":"Gjafaaskja nr. 20"},"content":{"rendered":"<p>Falleg \u00edslensk h\u00f6nnun fr\u00e1 Hekla\u00edslandi.<\/p>\n","protected":false},"excerpt":{"rendered":"<p>Falleg br\u00fan M\u00d3A sk\u00e1l og Gull tr\u00e9 viskustykki fr\u00e1 Hekla\u00edslandi \u00e1samt s\u00e6lg\u00e6ti fr\u00e1 Johan Bulow \u00ed gl\u00e6silegri gjafa\u00f6skju.<\/p>\n<p>&nbsp;<\/p>\n<p><strong>Ver\u00f0 \u00e1n vsk. 12.330 kr.<\/strong><\/p>\n<p><strong>Ver\u00f0 me\u00f0 vsk. 1.350 kr.<\/strong><\/p>\n","protected":false},"featured_media":6868,"template":"","meta":[],"product_brand":[],"product_cat":[202,201,25,71],"product_tag":[],"class_list":{"0":"post-6821","1":"product","2":"type-product","3":"status-publish","4":"has-post-thumbnail","6":"product_cat-fyrirtaekjaoskjur","7":"product_cat-gjafaoskjur","8":"product_cat-vorur","9":"product_cat-nytt","11":"first","12":"outofstock","13":"shipping-taxable","14":"purchasable","15":"product-type-simple"},"_links":{"self":[{"href":"https:\/\/heklaislandi.is\/en\/wp-json\/wp\/v2\/product\/6821","targetHints":{"allow":["GET"]}}],"collection":[{"href":"https:\/\/heklaislandi.is\/en\/wp-json\/wp\/v2\/product"}],"about":[{"href":"https:\/\/heklaislandi.is\/en\/wp-json\/wp\/v2\/types\/product"}],"wp:featuredmedia":[{"embeddable":true,"href":"https:\/\/heklaislandi.is\/en\/wp-json\/wp\/v2\/media\/6868"}],"wp:attachment":[{"href":"https:\/\/heklaislandi.is\/en\/wp-json\/wp\/v2\/media?parent=6821"}],"wp:term":[{"taxonomy":"product_brand","embeddable":true,"href":"https:\/\/heklaislandi.is\/en\/wp-json\/wp\/v2\/product_brand?post=6821"},{"taxonomy":"product_cat","embeddable":true,"href":"https:\/\/heklaislandi.is\/en\/wp-json\/wp\/v2\/product_cat?post=6821"},{"taxonomy":"product_tag","embeddable":true,"href":"https:\/\/heklaislandi.is\/en\/wp-json\/wp\/v2\/product_tag?post=6821"}],"curies":[{"name":"wp","href":"https:\/\/api.w.org\/{rel}","templated":true}]}}