{"id":6822,"date":"2025-11-14T15:59:52","date_gmt":"2025-11-14T15:59:52","guid":{"rendered":"https:\/\/heklaislandi.is\/?post_type=product&#038;p=6822"},"modified":"2025-11-18T15:36:23","modified_gmt":"2025-11-18T15:36:23","slug":"gjafaaskja-nr-8","status":"publish","type":"product","link":"https:\/\/heklaislandi.is\/en\/product\/gjafaaskja-nr-8\/","title":{"rendered":"Gjafaaskja nr. 8"},"content":{"rendered":"<p>Falleg \u00edslensk h\u00f6nnun fr\u00e1 Hekla\u00edslandi.<\/p>\n","protected":false},"excerpt":{"rendered":"<p>Falleg hv\u00edt M\u00d3A sk\u00e1l og J\u00f3lak\u00f6ttur dj\u00e1sn fr\u00e1 Hekla\u00edslandi og Snj\u00f3boltar fr\u00e1 Samb\u00f3 \u00ed gl\u00e6silegri gjafa\u00f6skju.<\/p>\n","protected":false},"featured_media":6829,"template":"","meta":[],"product_brand":[],"product_cat":[202,201,25,71],"product_tag":[],"class_list":{"0":"post-6822","1":"product","2":"type-product","3":"status-publish","4":"has-post-thumbnail","6":"product_cat-fyrirtaekjaoskjur","7":"product_cat-gjafaoskjur","8":"product_cat-vorur","9":"product_cat-nytt","11":"first","12":"instock","13":"shipping-taxable","14":"purchasable","15":"product-type-simple"},"_links":{"self":[{"href":"https:\/\/heklaislandi.is\/en\/wp-json\/wp\/v2\/product\/6822","targetHints":{"allow":["GET"]}}],"collection":[{"href":"https:\/\/heklaislandi.is\/en\/wp-json\/wp\/v2\/product"}],"about":[{"href":"https:\/\/heklaislandi.is\/en\/wp-json\/wp\/v2\/types\/product"}],"wp:featuredmedia":[{"embeddable":true,"href":"https:\/\/heklaislandi.is\/en\/wp-json\/wp\/v2\/media\/6829"}],"wp:attachment":[{"href":"https:\/\/heklaislandi.is\/en\/wp-json\/wp\/v2\/media?parent=6822"}],"wp:term":[{"taxonomy":"product_brand","embeddable":true,"href":"https:\/\/heklaislandi.is\/en\/wp-json\/wp\/v2\/product_brand?post=6822"},{"taxonomy":"product_cat","embeddable":true,"href":"https:\/\/heklaislandi.is\/en\/wp-json\/wp\/v2\/product_cat?post=6822"},{"taxonomy":"product_tag","embeddable":true,"href":"https:\/\/heklaislandi.is\/en\/wp-json\/wp\/v2\/product_tag?post=6822"}],"curies":[{"name":"wp","href":"https:\/\/api.w.org\/{rel}","templated":true}]}}