{"id":6884,"date":"2025-11-18T10:37:01","date_gmt":"2025-11-18T10:37:01","guid":{"rendered":"https:\/\/heklaislandi.is\/?post_type=product&#038;p=6884"},"modified":"2026-01-08T07:54:30","modified_gmt":"2026-01-08T07:54:30","slug":"fyrirtaekjaaskja-nr-14","status":"publish","type":"product","link":"https:\/\/heklaislandi.is\/en\/product\/fyrirtaekjaaskja-nr-14\/","title":{"rendered":"Gjafaaskja nr. 14"},"content":{"rendered":"<p>Falleg \u00edslensk h\u00f6nnun.<\/p>\n","protected":false},"excerpt":{"rendered":"<p>Fallegt ,,Hv\u00edt tr\u00e9&#8221; kerti og ,,Hv\u00edt tr\u00e9&#8221; viskustykki fr\u00e1 Hekla\u00edslandi \u00e1samt s\u00e6lg\u00e6ti fr\u00e1 Johan B\u00fclow \u00ed gl\u00e6silegri gjafa\u00f6skju.<\/p>\n<p>&nbsp;<\/p>\n<p><strong>Ver\u00f0 \u00e1n vsk. 7.952 kr.<\/strong><\/p>\n<p><strong>Ver\u00f0 me\u00f0 vsk. 9.900 kr.<\/strong><\/p>\n","protected":false},"featured_media":6885,"template":"","meta":[],"product_brand":[],"product_cat":[202,201,25,71],"product_tag":[],"class_list":{"0":"post-6884","1":"product","2":"type-product","3":"status-publish","4":"has-post-thumbnail","6":"product_cat-fyrirtaekjaoskjur","7":"product_cat-gjafaoskjur","8":"product_cat-vorur","9":"product_cat-nytt","11":"first","12":"outofstock","13":"shipping-taxable","14":"purchasable","15":"product-type-simple"},"_links":{"self":[{"href":"https:\/\/heklaislandi.is\/en\/wp-json\/wp\/v2\/product\/6884","targetHints":{"allow":["GET"]}}],"collection":[{"href":"https:\/\/heklaislandi.is\/en\/wp-json\/wp\/v2\/product"}],"about":[{"href":"https:\/\/heklaislandi.is\/en\/wp-json\/wp\/v2\/types\/product"}],"wp:featuredmedia":[{"embeddable":true,"href":"https:\/\/heklaislandi.is\/en\/wp-json\/wp\/v2\/media\/6885"}],"wp:attachment":[{"href":"https:\/\/heklaislandi.is\/en\/wp-json\/wp\/v2\/media?parent=6884"}],"wp:term":[{"taxonomy":"product_brand","embeddable":true,"href":"https:\/\/heklaislandi.is\/en\/wp-json\/wp\/v2\/product_brand?post=6884"},{"taxonomy":"product_cat","embeddable":true,"href":"https:\/\/heklaislandi.is\/en\/wp-json\/wp\/v2\/product_cat?post=6884"},{"taxonomy":"product_tag","embeddable":true,"href":"https:\/\/heklaislandi.is\/en\/wp-json\/wp\/v2\/product_tag?post=6884"}],"curies":[{"name":"wp","href":"https:\/\/api.w.org\/{rel}","templated":true}]}}