{"id":6887,"date":"2025-11-18T14:35:48","date_gmt":"2025-11-18T14:35:48","guid":{"rendered":"https:\/\/heklaislandi.is\/?post_type=product&#038;p=6887"},"modified":"2025-11-18T15:46:51","modified_gmt":"2025-11-18T15:46:51","slug":"fyrirtaekjaaskja-nr-13","status":"publish","type":"product","link":"https:\/\/heklaislandi.is\/en\/product\/fyrirtaekjaaskja-nr-13\/","title":{"rendered":"Gjafaaskja nr. 13"},"content":{"rendered":"<p>Falleg \u00edslensk h\u00f6nnun.<\/p>\n","protected":false},"excerpt":{"rendered":"<p>Fallegur J\u00f3lak\u00f6ttur dj\u00e1sn og J\u00f3lak\u00f6ttur viskustykki fr\u00e1 Hekla\u00edslandi \u00ed gl\u00e6silegri gjafa\u00f6skju.<\/p>\n<p>&nbsp;<\/p>\n<p><strong>Ver\u00f0 \u00e1n vsk. 9.197 kr.<\/strong><\/p>\n<p><strong>Ver\u00f0 me\u00f0 vsk. 11.455 kr.<\/strong><\/p>\n","protected":false},"featured_media":6894,"template":"","meta":[],"product_brand":[],"product_cat":[202,201,25,71],"product_tag":[],"class_list":{"0":"post-6887","1":"product","2":"type-product","3":"status-publish","4":"has-post-thumbnail","6":"product_cat-fyrirtaekjaoskjur","7":"product_cat-gjafaoskjur","8":"product_cat-vorur","9":"product_cat-nytt","11":"first","12":"instock","13":"shipping-taxable","14":"purchasable","15":"product-type-simple"},"_links":{"self":[{"href":"https:\/\/heklaislandi.is\/en\/wp-json\/wp\/v2\/product\/6887","targetHints":{"allow":["GET"]}}],"collection":[{"href":"https:\/\/heklaislandi.is\/en\/wp-json\/wp\/v2\/product"}],"about":[{"href":"https:\/\/heklaislandi.is\/en\/wp-json\/wp\/v2\/types\/product"}],"wp:featuredmedia":[{"embeddable":true,"href":"https:\/\/heklaislandi.is\/en\/wp-json\/wp\/v2\/media\/6894"}],"wp:attachment":[{"href":"https:\/\/heklaislandi.is\/en\/wp-json\/wp\/v2\/media?parent=6887"}],"wp:term":[{"taxonomy":"product_brand","embeddable":true,"href":"https:\/\/heklaislandi.is\/en\/wp-json\/wp\/v2\/product_brand?post=6887"},{"taxonomy":"product_cat","embeddable":true,"href":"https:\/\/heklaislandi.is\/en\/wp-json\/wp\/v2\/product_cat?post=6887"},{"taxonomy":"product_tag","embeddable":true,"href":"https:\/\/heklaislandi.is\/en\/wp-json\/wp\/v2\/product_tag?post=6887"}],"curies":[{"name":"wp","href":"https:\/\/api.w.org\/{rel}","templated":true}]}}