{"id":6898,"date":"2025-11-18T15:05:12","date_gmt":"2025-11-18T15:05:12","guid":{"rendered":"https:\/\/heklaislandi.is\/?post_type=product&#038;p=6898"},"modified":"2026-01-08T07:53:55","modified_gmt":"2026-01-08T07:53:55","slug":"fyrirtaekjaaskja-nr-12","status":"publish","type":"product","link":"https:\/\/heklaislandi.is\/en\/product\/fyrirtaekjaaskja-nr-12\/","title":{"rendered":"Gjafaaskja nr. 12"},"content":{"rendered":"<p>Falleg \u00edslensk h\u00f6nnun.<\/p>\n","protected":false},"excerpt":{"rendered":"<p>Fallegur \u00f3m\u00e1la\u00f0ur VEGG hestur fr\u00e1 Hekla\u00edslandi \u00e1samt s\u00e6lg\u00e6ti fr\u00e1 Johan B\u00fclow \u00ed gl\u00e6silegri gjafa\u00f6skju.<\/p>\n<p>&nbsp;<\/p>\n<p><strong>Ver\u00f0 \u00e1n vsk. 10.843 kr.<\/strong><\/p>\n<p><strong>Ver\u00f0 me\u00f0 vsk. 13.500 kr.<\/strong><\/p>\n","protected":false},"featured_media":6906,"template":"","meta":[],"product_brand":[],"product_cat":[202,201,25,71],"product_tag":[],"class_list":{"0":"post-6898","1":"product","2":"type-product","3":"status-publish","4":"has-post-thumbnail","6":"product_cat-fyrirtaekjaoskjur","7":"product_cat-gjafaoskjur","8":"product_cat-vorur","9":"product_cat-nytt","11":"first","12":"outofstock","13":"shipping-taxable","14":"purchasable","15":"product-type-simple"},"_links":{"self":[{"href":"https:\/\/heklaislandi.is\/en\/wp-json\/wp\/v2\/product\/6898","targetHints":{"allow":["GET"]}}],"collection":[{"href":"https:\/\/heklaislandi.is\/en\/wp-json\/wp\/v2\/product"}],"about":[{"href":"https:\/\/heklaislandi.is\/en\/wp-json\/wp\/v2\/types\/product"}],"wp:featuredmedia":[{"embeddable":true,"href":"https:\/\/heklaislandi.is\/en\/wp-json\/wp\/v2\/media\/6906"}],"wp:attachment":[{"href":"https:\/\/heklaislandi.is\/en\/wp-json\/wp\/v2\/media?parent=6898"}],"wp:term":[{"taxonomy":"product_brand","embeddable":true,"href":"https:\/\/heklaislandi.is\/en\/wp-json\/wp\/v2\/product_brand?post=6898"},{"taxonomy":"product_cat","embeddable":true,"href":"https:\/\/heklaislandi.is\/en\/wp-json\/wp\/v2\/product_cat?post=6898"},{"taxonomy":"product_tag","embeddable":true,"href":"https:\/\/heklaislandi.is\/en\/wp-json\/wp\/v2\/product_tag?post=6898"}],"curies":[{"name":"wp","href":"https:\/\/api.w.org\/{rel}","templated":true}]}}