{"id":7098,"date":"2025-12-16T12:56:09","date_gmt":"2025-12-16T12:56:09","guid":{"rendered":"https:\/\/heklaislandi.is\/?post_type=product&#038;p=7098"},"modified":"2026-03-25T14:26:23","modified_gmt":"2026-03-25T14:26:23","slug":"vegg-kind-litil-svort-8-cm","status":"publish","type":"product","link":"https:\/\/heklaislandi.is\/en\/product\/vegg-kind-litil-svort-8-cm\/","title":{"rendered":"VEGG kind l\u00edtil sv\u00f6rt"},"content":{"rendered":"<p>Fallegur Heklu sk\u00falpt\u00far gerir \u00f6ll r\u00fdmi skemmtilegri.<\/p>\n","protected":false},"excerpt":{"rendered":"<p>VEGG kind l\u00edtil sv\u00f6rt, 8 cm.<\/p>\n<p>Tr\u00e9sk\u00falpt\u00far.<\/p>\n","protected":false},"featured_media":7099,"template":"","meta":[],"product_brand":[],"product_cat":[25,137,188,189,71],"product_tag":[],"class_list":{"0":"post-7098","1":"product","2":"type-product","3":"status-publish","4":"has-post-thumbnail","6":"product_cat-vorur","7":"product_cat-skulptur","8":"product_cat-treskulptur","9":"product_cat-veggskulptur","10":"product_cat-nytt","12":"first","13":"instock","14":"shipping-taxable","15":"purchasable","16":"product-type-simple"},"_links":{"self":[{"href":"https:\/\/heklaislandi.is\/en\/wp-json\/wp\/v2\/product\/7098","targetHints":{"allow":["GET"]}}],"collection":[{"href":"https:\/\/heklaislandi.is\/en\/wp-json\/wp\/v2\/product"}],"about":[{"href":"https:\/\/heklaislandi.is\/en\/wp-json\/wp\/v2\/types\/product"}],"wp:featuredmedia":[{"embeddable":true,"href":"https:\/\/heklaislandi.is\/en\/wp-json\/wp\/v2\/media\/7099"}],"wp:attachment":[{"href":"https:\/\/heklaislandi.is\/en\/wp-json\/wp\/v2\/media?parent=7098"}],"wp:term":[{"taxonomy":"product_brand","embeddable":true,"href":"https:\/\/heklaislandi.is\/en\/wp-json\/wp\/v2\/product_brand?post=7098"},{"taxonomy":"product_cat","embeddable":true,"href":"https:\/\/heklaislandi.is\/en\/wp-json\/wp\/v2\/product_cat?post=7098"},{"taxonomy":"product_tag","embeddable":true,"href":"https:\/\/heklaislandi.is\/en\/wp-json\/wp\/v2\/product_tag?post=7098"}],"curies":[{"name":"wp","href":"https:\/\/api.w.org\/{rel}","templated":true}]}}