{"id":7111,"date":"2025-12-16T12:54:57","date_gmt":"2025-12-16T12:54:57","guid":{"rendered":"https:\/\/heklaislandi.is\/?post_type=product&#038;p=7111"},"modified":"2026-03-25T14:28:52","modified_gmt":"2026-03-25T14:28:52","slug":"vegg-kind-stor-omalud-20-cm","status":"publish","type":"product","link":"https:\/\/heklaislandi.is\/en\/product\/vegg-kind-stor-omalud-20-cm\/","title":{"rendered":"VEGG kind st\u00f3r \u00f3m\u00e1lu\u00f0"},"content":{"rendered":"<p>Fallegur Heklu sk\u00falpt\u00far gerir \u00f6ll r\u00fdmi skemmtilegri.<\/p>\n","protected":false},"excerpt":{"rendered":"<p>VEGG kind st\u00f3r \u00f3m\u00e1lu\u00f0, 20 cm.<\/p>\n<p>Tr\u00e9sk\u00falpt\u00far.<\/p>\n","protected":false},"featured_media":7116,"template":"","meta":[],"product_brand":[],"product_cat":[25,137,188,189,71],"product_tag":[],"class_list":{"0":"post-7111","1":"product","2":"type-product","3":"status-publish","4":"has-post-thumbnail","6":"product_cat-vorur","7":"product_cat-skulptur","8":"product_cat-treskulptur","9":"product_cat-veggskulptur","10":"product_cat-nytt","12":"first","13":"outofstock","14":"shipping-taxable","15":"purchasable","16":"product-type-simple"},"_links":{"self":[{"href":"https:\/\/heklaislandi.is\/en\/wp-json\/wp\/v2\/product\/7111","targetHints":{"allow":["GET"]}}],"collection":[{"href":"https:\/\/heklaislandi.is\/en\/wp-json\/wp\/v2\/product"}],"about":[{"href":"https:\/\/heklaislandi.is\/en\/wp-json\/wp\/v2\/types\/product"}],"wp:featuredmedia":[{"embeddable":true,"href":"https:\/\/heklaislandi.is\/en\/wp-json\/wp\/v2\/media\/7116"}],"wp:attachment":[{"href":"https:\/\/heklaislandi.is\/en\/wp-json\/wp\/v2\/media?parent=7111"}],"wp:term":[{"taxonomy":"product_brand","embeddable":true,"href":"https:\/\/heklaislandi.is\/en\/wp-json\/wp\/v2\/product_brand?post=7111"},{"taxonomy":"product_cat","embeddable":true,"href":"https:\/\/heklaislandi.is\/en\/wp-json\/wp\/v2\/product_cat?post=7111"},{"taxonomy":"product_tag","embeddable":true,"href":"https:\/\/heklaislandi.is\/en\/wp-json\/wp\/v2\/product_tag?post=7111"}],"curies":[{"name":"wp","href":"https:\/\/api.w.org\/{rel}","templated":true}]}}