{"id":7156,"date":"2026-01-07T09:51:16","date_gmt":"2026-01-07T09:51:16","guid":{"rendered":"https:\/\/heklaislandi.is\/?post_type=product&#038;p=7156"},"modified":"2026-03-25T14:43:43","modified_gmt":"2026-03-25T14:43:43","slug":"vegg-hrutur-xl-stor-hvitur-38-cm-haed-37-cm-breidd-24-cm-thykkt","status":"publish","type":"product","link":"https:\/\/heklaislandi.is\/en\/product\/vegg-hrutur-xl-stor-hvitur-38-cm-haed-37-cm-breidd-24-cm-thykkt\/","title":{"rendered":"VEGG hr\u00fatur XL st\u00f3r hv\u00edtur"},"content":{"rendered":"<p>Fallegur Heklu sk\u00falpt\u00far gerir \u00f6ll r\u00fdmi skemmtilegri.<\/p>\n","protected":false},"excerpt":{"rendered":"<p>&nbsp;<\/p>\n<p>VEGG hr\u00fatur XL, hv\u00edtur tr\u00e9 sk\u00falpt\u00far. 38 cm h\u00e6\u00f0, 37 cm breidd, 24 cm \u00feykkt.<\/p>\n","protected":false},"featured_media":7158,"template":"","meta":[],"product_brand":[],"product_cat":[25,137,188,189,71],"product_tag":[],"class_list":{"0":"post-7156","1":"product","2":"type-product","3":"status-publish","4":"has-post-thumbnail","6":"product_cat-vorur","7":"product_cat-skulptur","8":"product_cat-treskulptur","9":"product_cat-veggskulptur","10":"product_cat-nytt","12":"first","13":"outofstock","14":"shipping-taxable","15":"purchasable","16":"product-type-simple"},"_links":{"self":[{"href":"https:\/\/heklaislandi.is\/en\/wp-json\/wp\/v2\/product\/7156","targetHints":{"allow":["GET"]}}],"collection":[{"href":"https:\/\/heklaislandi.is\/en\/wp-json\/wp\/v2\/product"}],"about":[{"href":"https:\/\/heklaislandi.is\/en\/wp-json\/wp\/v2\/types\/product"}],"wp:featuredmedia":[{"embeddable":true,"href":"https:\/\/heklaislandi.is\/en\/wp-json\/wp\/v2\/media\/7158"}],"wp:attachment":[{"href":"https:\/\/heklaislandi.is\/en\/wp-json\/wp\/v2\/media?parent=7156"}],"wp:term":[{"taxonomy":"product_brand","embeddable":true,"href":"https:\/\/heklaislandi.is\/en\/wp-json\/wp\/v2\/product_brand?post=7156"},{"taxonomy":"product_cat","embeddable":true,"href":"https:\/\/heklaislandi.is\/en\/wp-json\/wp\/v2\/product_cat?post=7156"},{"taxonomy":"product_tag","embeddable":true,"href":"https:\/\/heklaislandi.is\/en\/wp-json\/wp\/v2\/product_tag?post=7156"}],"curies":[{"name":"wp","href":"https:\/\/api.w.org\/{rel}","templated":true}]}}