{"id":7162,"date":"2026-01-07T10:04:48","date_gmt":"2026-01-07T10:04:48","guid":{"rendered":"https:\/\/heklaislandi.is\/?post_type=product&#038;p=7162"},"modified":"2026-03-25T14:43:25","modified_gmt":"2026-03-25T14:43:25","slug":"vegg-hrutur-xl-stor-svartur-38-cm-haed-37-cm-breidd-24-cm-thykkt","status":"publish","type":"product","link":"https:\/\/heklaislandi.is\/en\/product\/vegg-hrutur-xl-stor-svartur-38-cm-haed-37-cm-breidd-24-cm-thykkt\/","title":{"rendered":"VEGG hr\u00fatur XL st\u00f3r svartur"},"content":{"rendered":"<p>Fallegur Heklu sk\u00falpt\u00far gerir \u00f6ll r\u00fdmi skemmtilegri.<\/p>\n<p>&nbsp;<\/p>\n","protected":false},"excerpt":{"rendered":"<p>VEGG hr\u00fatur XL, svartur tr\u00e9 sk\u00falpt\u00far. 38 cm h\u00e6\u00f0, 37 cm breidd, 24 cm \u00feykkt.<\/p>\n<p>&nbsp;<\/p>\n","protected":false},"featured_media":7163,"template":"","meta":[],"product_brand":[],"product_cat":[25,137,188,189,71],"product_tag":[],"class_list":{"0":"post-7162","1":"product","2":"type-product","3":"status-publish","4":"has-post-thumbnail","6":"product_cat-vorur","7":"product_cat-skulptur","8":"product_cat-treskulptur","9":"product_cat-veggskulptur","10":"product_cat-nytt","12":"first","13":"outofstock","14":"shipping-taxable","15":"purchasable","16":"product-type-simple"},"_links":{"self":[{"href":"https:\/\/heklaislandi.is\/en\/wp-json\/wp\/v2\/product\/7162","targetHints":{"allow":["GET"]}}],"collection":[{"href":"https:\/\/heklaislandi.is\/en\/wp-json\/wp\/v2\/product"}],"about":[{"href":"https:\/\/heklaislandi.is\/en\/wp-json\/wp\/v2\/types\/product"}],"wp:featuredmedia":[{"embeddable":true,"href":"https:\/\/heklaislandi.is\/en\/wp-json\/wp\/v2\/media\/7163"}],"wp:attachment":[{"href":"https:\/\/heklaislandi.is\/en\/wp-json\/wp\/v2\/media?parent=7162"}],"wp:term":[{"taxonomy":"product_brand","embeddable":true,"href":"https:\/\/heklaislandi.is\/en\/wp-json\/wp\/v2\/product_brand?post=7162"},{"taxonomy":"product_cat","embeddable":true,"href":"https:\/\/heklaislandi.is\/en\/wp-json\/wp\/v2\/product_cat?post=7162"},{"taxonomy":"product_tag","embeddable":true,"href":"https:\/\/heklaislandi.is\/en\/wp-json\/wp\/v2\/product_tag?post=7162"}],"curies":[{"name":"wp","href":"https:\/\/api.w.org\/{rel}","templated":true}]}}