{"id":893,"date":"2023-06-19T02:49:27","date_gmt":"2023-06-19T02:49:27","guid":{"rendered":"https:\/\/heklaislandi.is\/product\/a-froni-fannst-fenu-gott-ad-vera-enda-agaetisvedur-og-nog-ad-gera\/"},"modified":"2023-06-19T02:49:29","modified_gmt":"2023-06-19T02:49:29","slug":"a-froni-fannst-fenu-gott-ad-vera-enda-agaetisvedur-og-nog-ad-gera","status":"publish","type":"product","link":"https:\/\/heklaislandi.is\/en\/product\/a-froni-fannst-fenu-gott-ad-vera-enda-agaetisvedur-og-nog-ad-gera\/","title":{"rendered":"\u00c1 fr\u00f3ni fannst f\u00e9nu gott a\u00f0 vera enda \u00e1g\u00e6tisve\u00f0ur og n\u00f3g a\u00f0 gera"},"content":{"rendered":"","protected":false},"excerpt":{"rendered":"","protected":false},"featured_media":892,"template":"","meta":[],"product_brand":[],"product_cat":[148],"product_tag":[],"class_list":{"0":"post-893","1":"product","2":"type-product","3":"status-publish","4":"has-post-thumbnail","6":"product_cat-1997-en","8":"first","9":"instock","10":"shipping-taxable","11":"purchasable","12":"product-type-simple"},"_links":{"self":[{"href":"https:\/\/heklaislandi.is\/en\/wp-json\/wp\/v2\/product\/893","targetHints":{"allow":["GET"]}}],"collection":[{"href":"https:\/\/heklaislandi.is\/en\/wp-json\/wp\/v2\/product"}],"about":[{"href":"https:\/\/heklaislandi.is\/en\/wp-json\/wp\/v2\/types\/product"}],"wp:featuredmedia":[{"embeddable":true,"href":"https:\/\/heklaislandi.is\/en\/wp-json\/wp\/v2\/media\/892"}],"wp:attachment":[{"href":"https:\/\/heklaislandi.is\/en\/wp-json\/wp\/v2\/media?parent=893"}],"wp:term":[{"taxonomy":"product_brand","embeddable":true,"href":"https:\/\/heklaislandi.is\/en\/wp-json\/wp\/v2\/product_brand?post=893"},{"taxonomy":"product_cat","embeddable":true,"href":"https:\/\/heklaislandi.is\/en\/wp-json\/wp\/v2\/product_cat?post=893"},{"taxonomy":"product_tag","embeddable":true,"href":"https:\/\/heklaislandi.is\/en\/wp-json\/wp\/v2\/product_tag?post=893"}],"curies":[{"name":"wp","href":"https:\/\/api.w.org\/{rel}","templated":true}]}}