{"id":925,"date":"2023-06-19T02:49:46","date_gmt":"2023-06-19T02:49:46","guid":{"rendered":"https:\/\/heklaislandi.is\/product\/fe-sa-spoa-uti-i-moa-song-thar-loa-bibi\/"},"modified":"2023-06-19T02:49:48","modified_gmt":"2023-06-19T02:49:48","slug":"fe-sa-spoa-uti-i-moa-song-thar-loa-bibi","status":"publish","type":"product","link":"https:\/\/heklaislandi.is\/en\/product\/fe-sa-spoa-uti-i-moa-song-thar-loa-bibi\/","title":{"rendered":"F\u00e9 s\u00e1 sp\u00f3a \u00fati \u00ed m\u00f3a s\u00f6ng \u00fear l\u00f3a bibi"},"content":{"rendered":"","protected":false},"excerpt":{"rendered":"","protected":false},"featured_media":924,"template":"","meta":[],"product_brand":[],"product_cat":[150],"product_tag":[],"class_list":{"0":"post-925","1":"product","2":"type-product","3":"status-publish","4":"has-post-thumbnail","6":"product_cat-1998-en","8":"first","9":"instock","10":"shipping-taxable","11":"purchasable","12":"product-type-simple"},"_links":{"self":[{"href":"https:\/\/heklaislandi.is\/en\/wp-json\/wp\/v2\/product\/925","targetHints":{"allow":["GET"]}}],"collection":[{"href":"https:\/\/heklaislandi.is\/en\/wp-json\/wp\/v2\/product"}],"about":[{"href":"https:\/\/heklaislandi.is\/en\/wp-json\/wp\/v2\/types\/product"}],"wp:featuredmedia":[{"embeddable":true,"href":"https:\/\/heklaislandi.is\/en\/wp-json\/wp\/v2\/media\/924"}],"wp:attachment":[{"href":"https:\/\/heklaislandi.is\/en\/wp-json\/wp\/v2\/media?parent=925"}],"wp:term":[{"taxonomy":"product_brand","embeddable":true,"href":"https:\/\/heklaislandi.is\/en\/wp-json\/wp\/v2\/product_brand?post=925"},{"taxonomy":"product_cat","embeddable":true,"href":"https:\/\/heklaislandi.is\/en\/wp-json\/wp\/v2\/product_cat?post=925"},{"taxonomy":"product_tag","embeddable":true,"href":"https:\/\/heklaislandi.is\/en\/wp-json\/wp\/v2\/product_tag?post=925"}],"curies":[{"name":"wp","href":"https:\/\/api.w.org\/{rel}","templated":true}]}}