{"id":933,"date":"2023-06-19T02:49:50","date_gmt":"2023-06-19T02:49:50","guid":{"rendered":"https:\/\/heklaislandi.is\/product\/hann-raudur-er-med-stjornu-en-hun-sest-ekki\/"},"modified":"2023-06-19T02:49:52","modified_gmt":"2023-06-19T02:49:52","slug":"hann-raudur-er-med-stjornu-en-hun-sest-ekki","status":"publish","type":"product","link":"https:\/\/heklaislandi.is\/en\/product\/hann-raudur-er-med-stjornu-en-hun-sest-ekki\/","title":{"rendered":"Hann rau\u00f0ur er me\u00f0 stj\u00f6rnu en h\u00fan s\u00e9st ekki"},"content":{"rendered":"","protected":false},"excerpt":{"rendered":"","protected":false},"featured_media":932,"template":"","meta":[],"product_brand":[],"product_cat":[150],"product_tag":[],"class_list":{"0":"post-933","1":"product","2":"type-product","3":"status-publish","4":"has-post-thumbnail","6":"product_cat-1998-en","8":"first","9":"instock","10":"shipping-taxable","11":"purchasable","12":"product-type-simple"},"_links":{"self":[{"href":"https:\/\/heklaislandi.is\/en\/wp-json\/wp\/v2\/product\/933","targetHints":{"allow":["GET"]}}],"collection":[{"href":"https:\/\/heklaislandi.is\/en\/wp-json\/wp\/v2\/product"}],"about":[{"href":"https:\/\/heklaislandi.is\/en\/wp-json\/wp\/v2\/types\/product"}],"wp:featuredmedia":[{"embeddable":true,"href":"https:\/\/heklaislandi.is\/en\/wp-json\/wp\/v2\/media\/932"}],"wp:attachment":[{"href":"https:\/\/heklaislandi.is\/en\/wp-json\/wp\/v2\/media?parent=933"}],"wp:term":[{"taxonomy":"product_brand","embeddable":true,"href":"https:\/\/heklaislandi.is\/en\/wp-json\/wp\/v2\/product_brand?post=933"},{"taxonomy":"product_cat","embeddable":true,"href":"https:\/\/heklaislandi.is\/en\/wp-json\/wp\/v2\/product_cat?post=933"},{"taxonomy":"product_tag","embeddable":true,"href":"https:\/\/heklaislandi.is\/en\/wp-json\/wp\/v2\/product_tag?post=933"}],"curies":[{"name":"wp","href":"https:\/\/api.w.org\/{rel}","templated":true}]}}