{"id":945,"date":"2023-06-19T02:49:57","date_gmt":"2023-06-19T02:49:57","guid":{"rendered":"https:\/\/heklaislandi.is\/product\/loa-a-lou-a-lou\/"},"modified":"2023-06-19T02:49:59","modified_gmt":"2023-06-19T02:49:59","slug":"loa-a-lou-a-lou","status":"publish","type":"product","link":"https:\/\/heklaislandi.is\/en\/product\/loa-a-lou-a-lou\/","title":{"rendered":"L\u00f3a \u00e1 l\u00f3u \u00e1 l\u00f3u"},"content":{"rendered":"","protected":false},"excerpt":{"rendered":"","protected":false},"featured_media":944,"template":"","meta":[],"product_brand":[],"product_cat":[150],"product_tag":[],"class_list":{"0":"post-945","1":"product","2":"type-product","3":"status-publish","4":"has-post-thumbnail","6":"product_cat-1998-en","8":"first","9":"instock","10":"shipping-taxable","11":"purchasable","12":"product-type-simple"},"_links":{"self":[{"href":"https:\/\/heklaislandi.is\/en\/wp-json\/wp\/v2\/product\/945","targetHints":{"allow":["GET"]}}],"collection":[{"href":"https:\/\/heklaislandi.is\/en\/wp-json\/wp\/v2\/product"}],"about":[{"href":"https:\/\/heklaislandi.is\/en\/wp-json\/wp\/v2\/types\/product"}],"wp:featuredmedia":[{"embeddable":true,"href":"https:\/\/heklaislandi.is\/en\/wp-json\/wp\/v2\/media\/944"}],"wp:attachment":[{"href":"https:\/\/heklaislandi.is\/en\/wp-json\/wp\/v2\/media?parent=945"}],"wp:term":[{"taxonomy":"product_brand","embeddable":true,"href":"https:\/\/heklaislandi.is\/en\/wp-json\/wp\/v2\/product_brand?post=945"},{"taxonomy":"product_cat","embeddable":true,"href":"https:\/\/heklaislandi.is\/en\/wp-json\/wp\/v2\/product_cat?post=945"},{"taxonomy":"product_tag","embeddable":true,"href":"https:\/\/heklaislandi.is\/en\/wp-json\/wp\/v2\/product_tag?post=945"}],"curies":[{"name":"wp","href":"https:\/\/api.w.org\/{rel}","templated":true}]}}