{"id":969,"date":"2023-06-19T02:50:11","date_gmt":"2023-06-19T02:50:11","guid":{"rendered":"https:\/\/heklaislandi.is\/product\/a-froni-er-hestur-nefndur-skjoni-langbestur\/"},"modified":"2023-06-19T02:50:13","modified_gmt":"2023-06-19T02:50:13","slug":"a-froni-er-hestur-nefndur-skjoni-langbestur","status":"publish","type":"product","link":"https:\/\/heklaislandi.is\/en\/product\/a-froni-er-hestur-nefndur-skjoni-langbestur\/","title":{"rendered":"\u00c1 fr\u00f3ni er hestur nefndur skj\u00f3ni langbestur"},"content":{"rendered":"","protected":false},"excerpt":{"rendered":"","protected":false},"featured_media":968,"template":"","meta":[],"product_brand":[],"product_cat":[152],"product_tag":[],"class_list":{"0":"post-969","1":"product","2":"type-product","3":"status-publish","4":"has-post-thumbnail","6":"product_cat-1999-en","8":"first","9":"instock","10":"shipping-taxable","11":"purchasable","12":"product-type-simple"},"_links":{"self":[{"href":"https:\/\/heklaislandi.is\/en\/wp-json\/wp\/v2\/product\/969","targetHints":{"allow":["GET"]}}],"collection":[{"href":"https:\/\/heklaislandi.is\/en\/wp-json\/wp\/v2\/product"}],"about":[{"href":"https:\/\/heklaislandi.is\/en\/wp-json\/wp\/v2\/types\/product"}],"wp:featuredmedia":[{"embeddable":true,"href":"https:\/\/heklaislandi.is\/en\/wp-json\/wp\/v2\/media\/968"}],"wp:attachment":[{"href":"https:\/\/heklaislandi.is\/en\/wp-json\/wp\/v2\/media?parent=969"}],"wp:term":[{"taxonomy":"product_brand","embeddable":true,"href":"https:\/\/heklaislandi.is\/en\/wp-json\/wp\/v2\/product_brand?post=969"},{"taxonomy":"product_cat","embeddable":true,"href":"https:\/\/heklaislandi.is\/en\/wp-json\/wp\/v2\/product_cat?post=969"},{"taxonomy":"product_tag","embeddable":true,"href":"https:\/\/heklaislandi.is\/en\/wp-json\/wp\/v2\/product_tag?post=969"}],"curies":[{"name":"wp","href":"https:\/\/api.w.org\/{rel}","templated":true}]}}